{"id":12,"date":"2023-05-02T13:35:46","date_gmt":"2023-05-02T10:35:46","guid":{"rendered":"https:\/\/caffediverso.com\/?page_id=12"},"modified":"2024-07-08T17:53:46","modified_gmt":"2024-07-08T14:53:46","slug":"refund_returns","status":"publish","type":"page","link":"https:\/\/caffediverso.com\/index.php\/refund_returns\/","title":{"rendered":"Geri \u00d6deme ve \u0130ade Politikas\u0131"},"content":{"rendered":"\t\t<div data-elementor-type=\"wp-page\" data-elementor-id=\"12\" class=\"elementor elementor-12\">\n\t\t\t\t\t\t<section class=\"wd-negative-gap elementor-section elementor-top-section elementor-element elementor-element-508723eb elementor-section-boxed elementor-section-height-default elementor-section-height-default\" data-id=\"508723eb\" data-element_type=\"section\">\n\t\t\t\t\t\t<div class=\"elementor-container elementor-column-gap-default\">\n\t\t\t\t\t<div class=\"elementor-column elementor-col-100 elementor-top-column elementor-element elementor-element-613d0a\" data-id=\"613d0a\" data-element_type=\"column\">\n\t\t\t<div class=\"elementor-widget-wrap elementor-element-populated\">\n\t\t\t\t\t\t<div class=\"elementor-element elementor-element-2c34ea05 color-scheme-inherit text-left elementor-widget elementor-widget-text-editor\" data-id=\"2c34ea05\" data-element_type=\"widget\" data-widget_type=\"text-editor.default\">\n\t\t\t\t<div class=\"elementor-widget-container\">\n\t\t\t<style>\/*! elementor - v3.22.0 - 26-06-2024 *\/\n.elementor-widget-text-editor.elementor-drop-cap-view-stacked .elementor-drop-cap{background-color:#69727d;color:#fff}.elementor-widget-text-editor.elementor-drop-cap-view-framed .elementor-drop-cap{color:#69727d;border:3px solid;background-color:transparent}.elementor-widget-text-editor:not(.elementor-drop-cap-view-default) .elementor-drop-cap{margin-top:8px}.elementor-widget-text-editor:not(.elementor-drop-cap-view-default) .elementor-drop-cap-letter{width:1em;height:1em}.elementor-widget-text-editor .elementor-drop-cap{float:left;text-align:center;line-height:1;font-size:50px}.elementor-widget-text-editor .elementor-drop-cap-letter{display:inline-block}<\/style>\t\t\t\t<!-- wp:paragraph --><header class=\"page__header\">\n<h1 class=\"page__heading ff-heading fs-heading-2-base fs-heading-1-base-ns ta-c\">\u0130ade ve De\u011fi\u015fim Politikas\u0131<\/h1>\n<\/header>\n<div class=\"page__rte ff-body rte rte--page\">\n<p>Sipari\u015finizi olu\u015fturduktan sonra takip etmeniz gereken t\u00fcm ad\u0131mlar\u0131 a\u015fa\u011f\u0131da g\u00f6r\u00fcnt\u00fcleyebilirsiniz.<\/p>\n<p><strong>\u0130ade i\u015flemi yaparken izlemem gereken ad\u0131mlar nelerdir?<\/strong><br \/>\u0130ade talebiniz ilk olarak <strong>info@caffediverso.com<\/strong>dresine e-posta mesaj\u0131 g\u00f6ndererek iletebilirsiniz. Size g\u00f6nderilecek olan e-posta mesaj\u0131nda yapman\u0131z gerekenler sizlere detayl\u0131 \u015fekilde anlat\u0131lacakt\u0131r.<\/p>\n<p><strong>\u0130ade ya da de\u011fi\u015fim i\u015flemlerinde kargo \u00fccretini ben mi \u00f6derim?<\/strong><br \/>\u0130ade veya de\u011fi\u015fimlerde, kargo \u00fccreti al\u0131c\u0131ya aittir.<\/p>\n<p><strong>\u0130ade\/iptal etti\u011fim \u00fcr\u00fcn\u00fcn \u00fccret iadesi ne zaman yap\u0131lacak?<\/strong><br \/>\u0130adesi yap\u0131lan \u00fcr\u00fcn elimize ge\u00e7ti\u011fi tarihten itibaren (\u00fcr\u00fcn iade \u015fartlar\u0131na uygunsa) 7 i\u015f g\u00fcn\u00fc i\u00e7erisinde iade s\u00fcreci tamamlan\u0131r.<\/p>\n<p><strong>Faturam\u0131 kaybettim, nas\u0131l iade yapabilirim?<\/strong><br \/>Faturan\u0131z\u0131 kaybetmeniz durumunda <strong>info@caffediverso.com<\/strong>\u00a0adresine e-posta mesaj\u0131 g\u00f6ndererek faturan\u0131z\u0131 talep edebilirsiniz.<\/p>\n<p><strong>Sipari\u015fim ne zaman gelir?<\/strong><br \/>Sat\u0131n alm\u0131\u015f oldu\u011funuz \u00fcr\u00fcn\/\u00fcr\u00fcnlerin stokta mevcut olmas\u0131 durumunda, 1-3 i\u015f g\u00fcn\u00fc i\u00e7erisinde kargo \u015firketine teslim edilir. Kahveler sipari\u015finiz \u00fczerine kavrularak paketlenir.<br \/><br \/>\u00dcr\u00fcn stokta de\u011fil fakat \u00fcretim a\u015famas\u0131nda ise 3 i\u015f g\u00fcn\u00fc i\u00e7erisinde at\u00f6lyemizde \u00fcretimi tamamlan\u0131p, kargo \u015firketine teslim edilir. \u00dcr\u00fcn\/\u00dcr\u00fcnlerinizin hangi a\u015famada oldu\u011fu taraf\u0131n\u0131za bilgilendirme olarak e-posta mesaj\u0131 \u015feklinde g\u00f6nderilmektedir.<\/p>\n<p><strong>Kargom nerede?<\/strong><br \/>Sipari\u015finiz kargoya teslim edildi\u011finde taraf\u0131n\u0131za bilgilendirme e-posta mesaji gelecek, ard\u0131ndan s\u00fcre\u00e7le ilgili bilgilendirmeler sms ve e-posta yoluyla gelmeye devam edecektir.<\/p>\n<p><strong>Firman\u0131z resmi tatil g\u00fcnlerinde kargo teslimat\u0131 yap\u0131yor mu?<\/strong><br \/>Resmi tatillerde kargo teslimat\u0131 yap\u0131lmamaktad\u0131r.<\/p>\n<\/div>\n<!-- \/wp:paragraph -->\t\t\t\t\t\t<\/div>\n\t\t\t\t<\/div>\n\t\t\t\t\t<\/div>\n\t\t<\/div>\n\t\t\t\t\t<\/div>\n\t\t<\/section>\n\t\t\t\t<\/div>\n\t\t","protected":false},"excerpt":{"rendered":"<p>\u0130ade ve De\u011fi\u015fim Politikas\u0131 Sipari\u015finizi olu\u015fturduktan sonra takip etmeniz gereken t\u00fcm ad\u0131mlar\u0131 a\u015fa\u011f\u0131da g\u00f6r\u00fcnt\u00fcleyebilirsiniz. \u0130ade i\u015flemi yaparken izlemem gereken ad\u0131mlar<\/p>\n","protected":false},"author":1,"featured_media":0,"parent":0,"menu_order":0,"comment_status":"closed","ping_status":"closed","template":"elementor_header_footer","meta":{"_joinchat":[],"footnotes":""},"class_list":["post-12","page","type-page","status-publish","hentry"],"_links":{"self":[{"href":"https:\/\/caffediverso.com\/index.php\/wp-json\/wp\/v2\/pages\/12","targetHints":{"allow":["GET"]}}],"collection":[{"href":"https:\/\/caffediverso.com\/index.php\/wp-json\/wp\/v2\/pages"}],"about":[{"href":"https:\/\/caffediverso.com\/index.php\/wp-json\/wp\/v2\/types\/page"}],"author":[{"embeddable":true,"href":"https:\/\/caffediverso.com\/index.php\/wp-json\/wp\/v2\/users\/1"}],"replies":[{"embeddable":true,"href":"https:\/\/caffediverso.com\/index.php\/wp-json\/wp\/v2\/comments?post=12"}],"version-history":[{"count":9,"href":"https:\/\/caffediverso.com\/index.php\/wp-json\/wp\/v2\/pages\/12\/revisions"}],"predecessor-version":[{"id":9459,"href":"https:\/\/caffediverso.com\/index.php\/wp-json\/wp\/v2\/pages\/12\/revisions\/9459"}],"wp:attachment":[{"href":"https:\/\/caffediverso.com\/index.php\/wp-json\/wp\/v2\/media?parent=12"}],"curies":[{"name":"wp","href":"https:\/\/api.w.org\/{rel}","templated":true}]}}