{"id":3,"date":"2023-05-02T13:07:21","date_gmt":"2023-05-02T10:07:21","guid":{"rendered":"https:\/\/caffediverso.com\/?page_id=3"},"modified":"2023-05-31T17:04:44","modified_gmt":"2023-05-31T14:04:44","slug":"gizlilik-politikasi","status":"publish","type":"page","link":"https:\/\/caffediverso.com\/index.php\/gizlilik-politikasi\/","title":{"rendered":"\u00c7erez Kullan\u0131m\u0131na \u0130li\u015fkin Ayd\u0131nlatma Metni"},"content":{"rendered":"\t\t<div data-elementor-type=\"wp-page\" data-elementor-id=\"3\" class=\"elementor elementor-3\">\n\t\t\t\t\t\t<section class=\"wd-negative-gap elementor-section elementor-top-section elementor-element elementor-element-33af5de3 elementor-section-boxed elementor-section-height-default elementor-section-height-default\" data-id=\"33af5de3\" data-element_type=\"section\">\n\t\t\t\t\t\t<div class=\"elementor-container elementor-column-gap-default\">\n\t\t\t\t\t<div class=\"elementor-column elementor-col-100 elementor-top-column elementor-element elementor-element-7f8ad74a\" data-id=\"7f8ad74a\" data-element_type=\"column\">\n\t\t\t<div class=\"elementor-widget-wrap elementor-element-populated\">\n\t\t\t\t\t\t<div class=\"elementor-element elementor-element-74d709b4 color-scheme-inherit text-left elementor-widget elementor-widget-text-editor\" data-id=\"74d709b4\" data-element_type=\"widget\" data-widget_type=\"text-editor.default\">\n\t\t\t\t<div class=\"elementor-widget-container\">\n\t\t\t<style>\/*! elementor - v3.22.0 - 26-06-2024 *\/\n.elementor-widget-text-editor.elementor-drop-cap-view-stacked .elementor-drop-cap{background-color:#69727d;color:#fff}.elementor-widget-text-editor.elementor-drop-cap-view-framed .elementor-drop-cap{color:#69727d;border:3px solid;background-color:transparent}.elementor-widget-text-editor:not(.elementor-drop-cap-view-default) .elementor-drop-cap{margin-top:8px}.elementor-widget-text-editor:not(.elementor-drop-cap-view-default) .elementor-drop-cap-letter{width:1em;height:1em}.elementor-widget-text-editor .elementor-drop-cap{float:left;text-align:center;line-height:1;font-size:50px}.elementor-widget-text-editor .elementor-drop-cap-letter{display:inline-block}<\/style>\t\t\t\t<!-- wp:paragraph -->\n<p><strong><u>\u00c7EREZ KULLANIMINA \u0130L\u0130\u015eK\u0130N AYDINLATMA METN\u0130<\/u><\/strong><\/p>\n<!-- \/wp:paragraph -->\n\n<!-- wp:paragraph -->\n<p>\u00c7erezler, pikseller, gifler gibi takip teknolojileri (\u201c\u00c7erezler\u201d) web siteleri ya da mobil uygulamalar gibi \u00e7evrimi\u00e7i uygulamalar\u0131 kullan\u0131m\u0131n\u0131z esnas\u0131nda tablet, telefon ya da bilgisayarlar\u0131n\u0131z gibi cihazlar\u0131n\u0131za yerle\u015ftirilen k\u00fc\u00e7\u00fck dosyalard\u0131r. \u00c7erezler sayesinde web sitelerimiz ve uygulamalar\u0131m\u0131za ait sunucular size ait cihazlar\u0131 tan\u0131yarak \u00f6rne\u011fin dil tercihlerinizi, kaydedilmi\u015f kullan\u0131c\u0131 ad\u0131 ve \u015fifrelerinizi veya al\u0131\u015fveri\u015f sepetinizde yer alan \u00fcr\u00fcnlerin hat\u0131rlanmas\u0131n\u0131, site \u00fczerindeki trafi\u011fin y\u00f6netilmesini sa\u011flar. \u00c7erezler ayr\u0131ca web sitemizi ya da uygulamam\u0131z\u0131n ziyaret\u00e7i say\u0131s\u0131n\u0131 ve kitlesini analiz ederek yaz\u0131l\u0131mlar\u0131m\u0131z\u0131 sizlere daha iyi bir deneyim sunabilmek i\u00e7in geli\u015ftirebilmemize ve tercih etmeniz halinde, internet kullan\u0131m\u0131n\u0131z esnas\u0131nda g\u00f6r\u00fcnt\u00fcledi\u011finiz reklamlar\u0131 ki\u015fiselle\u015ftirmemize yard\u0131mc\u0131 olur.<\/p>\n<!-- \/wp:paragraph -->\n\n<!-- wp:paragraph -->\n<p><strong><u>1. Veri Sorumlusu<\/u><\/strong><\/p>\n<!-- \/wp:paragraph -->\n\n<!-- wp:paragraph -->\n<p>Diverso Kahve G\u0131da Sanayi ve Ticaret Ltd. \u015eti. (\u201c\u015eirket\u201d), www.caffediverso.com (\u201cPlatform\u201d) \u00fczerinde kullan\u0131lan \u00e7erezlere ili\u015fkin olarak, 6698 say\u0131l\u0131 Ki\u015fisel Verilerin Korunmas\u0131 Kanunu (\u201cKanun\u201d) kapsam\u0131nda veri sorumlusu olarak hareket etmektedir. Bu \u00c7erez Kullan\u0131m\u0131na \u0130li\u015fkin Ayd\u0131nlatma Metni\u2019nin amac\u0131, internet sitemizde kullan\u0131lan \u00e7erezlerin cihaz\u0131n\u0131za yerle\u015ftirilmesi arac\u0131l\u0131\u011f\u0131yla otomatik yolla elde edilen ki\u015fisel verilerin i\u015flenmesine ili\u015fkin olarak, hangi ama\u00e7larla hangi t\u00fcr \u00e7erezleri kulland\u0131\u011f\u0131m\u0131z\u0131 ve bu \u00e7erezleri nas\u0131l y\u00f6netebilece\u011finiz hakk\u0131nda sizlere bilgi vermektir. \u0130nternet sitemizde kulland\u0131\u011f\u0131m\u0131z, zorunlu \u00e7erezler haricindeki \u00e7erezler i\u00e7in, kullan\u0131c\u0131lar\u0131n a\u00e7\u0131k r\u0131zalar\u0131 al\u0131nmakta ve istedikleri zaman r\u0131zalar\u0131n\u0131 de\u011fi\u015ftirebilme olana\u011f\u0131 sa\u011flanmaktad\u0131r. Kullan\u0131c\u0131lar \u00e7erez y\u00f6netim paneli \u00fczerinden, internet sitemizde kullan\u0131lan \u00e7erez \u00e7e\u015fitlerini g\u00f6rebilmekte ve Zorunlu \u00c7erezler d\u0131\u015f\u0131nda kalan t\u00fcm \u00e7erezler i\u00e7in \u201ca\u00e7\u0131k\u201d veya \u201ckapal\u0131\u201d se\u00e7enekleri ile tercihlerini belirleyebilmektedirler. Yine bu panel \u00fczerinden kullan\u0131c\u0131lar tercihlerini her zaman de\u011fi\u015ftirebilmektedirler.<\/p>\n<!-- \/wp:paragraph -->\n\n<!-- wp:paragraph -->\n<p><strong><u>2. Ki\u015fisel Verilerinizin \u0130\u015flenme Amac\u0131 ve Dayan\u0131lan Veri \u0130\u015fleme \u015eartlar\u0131<\/u><\/strong><\/p>\n<!-- \/wp:paragraph -->\n\n<!-- wp:paragraph -->\n<p>Platform \u00fczerinde farkl\u0131 ama\u00e7larla \u00e7erezler kullan\u0131lmaktad\u0131r. Kullan\u0131lan ilgili \u00e7erezin t\u00fcr\u00fcne g\u00f6re veri i\u015fleme ama\u00e7lar\u0131 ve ilgili \u00e7erezi kullan\u0131rken dayand\u0131\u011f\u0131m\u0131z Kanun kapsam\u0131ndaki veri i\u015fleme \u015fart\u0131 de\u011fi\u015febilmektedir.<\/p>\n<!-- \/wp:paragraph -->\n\n<!-- wp:paragraph -->\n<p><strong>Zorunlu \u00c7erezler<\/strong><\/p>\n<!-- \/wp:paragraph -->\n\n<!-- wp:paragraph -->\n<p>Zorunlu \u00e7erezler, Platform\u2019u g\u00f6r\u00fcnt\u00fclemeniz esnas\u0131nda cihaz\u0131n\u0131za yerle\u015ftirilen ve sunulan online servislerin d\u00fczg\u00fcn \u015fekilde \u00e7al\u0131\u015fabilmesi i\u00e7in gerekli olan \u00e7erezlerdir. Bu \u00e7erezlerin kullan\u0131m\u0131 esnas\u0131nda ger\u00e7ekle\u015ftirdi\u011fimiz veri i\u015fleme faaliyetleri i\u00e7in Kanun m.5 kapsam\u0131nda&nbsp;&nbsp;<strong>\u201cBir s\u00f6zle\u015fmenin kurulmas\u0131 veya ifas\u0131yla do\u011frudan do\u011fruya ilgili olmas\u0131 kayd\u0131yla, s\u00f6zle\u015fmenin taraflar\u0131na ait ki\u015fisel verilerin i\u015flenmesinin gerekli olmas\u0131\u201d veya &nbsp;\u201c\u0130lgili ki\u015finin temel hak ve \u00f6zg\u00fcrl\u00fcklerine zarar vermemek kayd\u0131yla, veri sorumlusunun me\u015fru menfaatleri i\u00e7in veri i\u015flenmesinin zorunlu olmas\u0131\u201d<\/strong>&nbsp;veri i\u015fleme \u015fart\u0131na dayanmaktay\u0131z.<\/p>\n<!-- \/wp:paragraph -->\n\n<!-- wp:paragraph -->\n<p><strong>Fonksiyonel \u00c7erezler<\/strong><\/p>\n<!-- \/wp:paragraph -->\n\n<!-- wp:paragraph -->\n<p>Fonksiyonel \u00e7erezler, Platform \u00fczerindeki belirli i\u015flevlerin sa\u011flanmas\u0131 ve bunlara dair tercihlerinizin hat\u0131rlanmas\u0131 i\u00e7in gerekli olan \u00e7erezlerdir. Platform \u00fczerinde dil tercihinizi hat\u0131rlamak ya da \u00e7erez kullan\u0131m\u0131na y\u00f6nelik ayarlar\u0131n\u0131z\u0131 kaydetmek i\u00e7in i\u015flevsellik \u00e7erezleri kullan\u0131l\u0131r. Bu \u00e7erezlerin kullan\u0131m\u0131 esnas\u0131nda ger\u00e7ekle\u015ftirdi\u011fimiz veri i\u015fleme faaliyetleri i\u00e7in Kanun m.5 kapsam\u0131nda&nbsp;<strong>\u201c\u0130lgili ki\u015finin temel hak ve \u00f6zg\u00fcrl\u00fcklerine zarar vermemek kayd\u0131yla, veri sorumlusunun me\u015fru menfaatleri i\u00e7in veri i\u015flenmesinin zorunlu olmas\u0131.\u201d<\/strong>&nbsp;veri i\u015fleme \u015fart\u0131na dayanmaktay\u0131z.<\/p>\n<!-- \/wp:paragraph -->\n\n<!-- wp:paragraph -->\n<p><strong>Pazarlama ve Ki\u015fiselle\u015ftirilmi\u015f Reklam \u00c7erezleri<\/strong><\/p>\n<!-- \/wp:paragraph -->\n\n<!-- wp:paragraph -->\n<p>Pazarlama \u00e7erezleri, Platform\u2019u g\u00f6r\u00fcnt\u00fcleyen ki\u015fi say\u0131s\u0131 ile Platform trafi\u011fini takip ve analiz etmemizi sa\u011flar. Bu \u00e7erezler sayesinde Platform \u00fczerindeki alanlardan hangilerinin en s\u0131k ya da seyrek ziyaret edildi\u011fi gibi bilgileri edinebilir ve Platform\u2019un trafi\u011fini optimize edebiliriz. Pazarlama \u00e7erezleri i\u00e7erisinde ki\u015fiselle\u015ftirilmi\u015f reklam \u00e7erezleri yer almaktad\u0131r. Bu \u00e7erezler sizlere Platform\u2019da veya Platform haricindeki mecralarda g\u00f6r\u00fcnt\u00fcleme ge\u00e7mi\u015finize ve ziyaret\u00e7i profilinize uygun olarak ki\u015fiselle\u015ftirilmi\u015f \u00fcr\u00fcn ve hizmet tan\u0131t\u0131m\u0131 yapmak i\u00e7in kullan\u0131l\u0131r. Reklam \u00e7erezlerinin kullan\u0131m\u0131 esnas\u0131nda ger\u00e7ekle\u015ftirdi\u011fimiz veri i\u015fleme faaliyetleri i\u00e7in Kanun m.5 kapsam\u0131nda veri i\u015fleme \u015fart\u0131 olarak&nbsp;<strong>\u201ca\u00e7\u0131k r\u0131zan\u0131za\u201d<\/strong>&nbsp;dayanmaktay\u0131z. A\u015fa\u011f\u0131da Platform\u2019da kulland\u0131\u011f\u0131m\u0131z farkl\u0131 t\u00fcrdeki \u00e7erezleri bulabilirsiniz. Platform\u2019da hem birinci parti \u00e7erezler (ziyaret etti\u011finiz Platform taraf\u0131ndan yerle\u015ftirilen) hem de \u00fc\u00e7\u00fcnc\u00fc parti \u00e7erezleri (ziyaret etti\u011finiz Platform haricindeki sunucular taraf\u0131ndan yerle\u015ftirilen) kullan\u0131lmaktad\u0131r.<\/p>\n<!-- \/wp:paragraph -->\n\n<!-- wp:paragraph -->\n<p><strong>Zorunlu \u00c7erezler<\/strong>&nbsp;<br><\/p>\n<!-- \/wp:paragraph -->\n\n<!-- wp:table -->\n<figure class=\"wp-block-table\"><table><tbody><tr><td><strong>\u00c7erez Ad\u0131<\/strong><\/td><td><strong>Sa\u011flay\u0131c\u0131<\/strong><\/td><td><strong>Kullan\u0131m Amac\u0131<\/strong><\/td><td><strong>Kullan\u0131m S\u00fcresi<\/strong><\/td><\/tr><tr><td>D5rXWwd4p9LY1vB5<\/td><td><a href=\"https:\/\/www.starbucks.com.tr\/\" target=\"_blank\" rel=\"noreferrer noopener\">https:\/\/caffediverso.com<\/a><\/td><td>Platform taraf\u0131ndan kullan\u0131lan bir oturum \u00e7erezidir.<\/td><td>Oturum s\u00fcresince<\/td><\/tr><tr><td>deviceId.<\/td><td><a href=\"https:\/\/caffediverso.com\/\">https:\/\/caffediverso.com<\/a><\/td><td>Kullan\u0131c\u0131n\u0131n farkl\u0131 bir cihazdan ek okuturum a\u00e7mas\u0131 durumda bir \u00f6nceki cihazdaki oturumun sonland\u0131r\u0131lmas\u0131 i\u00e7in kullan\u0131l\u0131r.<\/td><td>Oturum s\u00fcresince<\/td><\/tr><tr><td>f<\/td><td><a href=\"https:\/\/www.facebook.com\/\" target=\"_blank\" rel=\"noreferrer noopener\">https:\/\/www.facebook.com<\/a><\/td><td>Bu \u00e7erez istenmeyen postalar\u0131 tespit etmek ve web sitesinin g\u00fcvenli\u011fini art\u0131rmak i\u00e7in kullan\u0131l\u0131r. Ziyaret\u00e7iye \u00f6zel verileri saklamaz.<\/td><td>2 y\u0131l<\/td><\/tr><\/tbody><\/table><\/figure>\n<!-- \/wp:table -->\n\n<!-- wp:paragraph -->\n<p><br><br><strong>Fonksiyonel \u00c7erezler<\/strong>&nbsp;<br><\/p>\n<!-- \/wp:paragraph -->\n\n<!-- wp:table -->\n<figure class=\"wp-block-table\"><table><thead><tr><td><strong>\u00c7erez Ad\u0131<\/strong><\/td><td><strong>Sa\u011flay\u0131c\u0131<\/strong><\/td><td><strong>Kullan\u0131m Amac\u0131<\/strong><\/td><td><strong>Kullan\u0131m S\u00fcresi<\/strong><\/td><\/tr><\/thead><tbody><tr><td>loglevel<\/td><td><a href=\"https:\/\/aws.amazon.com\/\" target=\"_blank\" rel=\"noreferrer noopener\">https:\/\/aws.amazon.com<\/a><\/td><td>Bu \u00e7erez, mevcut oturumda Geli\u015ftirici Ara\u00e7lar\u0131 Konsolu kullan\u0131l\u0131rken ayarlar\u0131 ve \u00e7\u0131kt\u0131lar\u0131 korur.<\/td><td>2 y\u0131l<\/td><\/tr><tr><td>NID<\/td><td><a href=\"https:\/\/youtube.com\/\" target=\"_blank\" rel=\"noreferrer noopener\">https:\/\/youtube.com<\/a><\/td><td>Bu \u00e7erez, Youtube videolar\u0131n\u0131n \u00e7al\u0131\u015ft\u0131r\u0131labilmesi i\u00e7in kullan\u0131l\u0131r.<\/td><td>6 ay<\/td><\/tr><\/tbody><\/table><\/figure>\n<!-- \/wp:table -->\n\n<!-- wp:paragraph -->\n<p><br><br><strong>Pazarlama ve Ki\u015fiselle\u015ftirilmi\u015f Reklam \u00c7erezleri<\/strong>&nbsp;<br><\/p>\n<!-- \/wp:paragraph -->\n\n<!-- wp:table -->\n<figure class=\"wp-block-table\"><table><thead><tr><td><strong>\u00c7erez Ad\u0131<\/strong><\/td><td><strong>Sa\u011flay\u0131c\u0131<\/strong><\/td><td><strong>Kullan\u0131m Amac\u0131<\/strong><\/td><td><strong>Kullan\u0131m S\u00fcresi<\/strong><\/td><\/tr><\/thead><tbody><tr><td>_gat_UA-192926923-1<\/td><td><a href=\"https:\/\/analytics.google.com\/\" target=\"_blank\" rel=\"noreferrer noopener\">https:\/\/analytics.google.com<\/a><\/td><td>Bu \u00e7erez, Google Analytics taraf\u0131ndan ayarlanan bir \u00e7erezdir ve ilgili oldu\u011fu hesab\u0131n veya web sitesinin benzersiz kimlik numaras\u0131n\u0131 i\u00e7erir.<\/td><td>&#8220;1 dakika&#8221;<\/td><\/tr><tr><td>ads\/ga-audiences<\/td><td><a href=\"https:\/\/ads.google.com\/\" target=\"_blank\" rel=\"noreferrer noopener\">https:\/\/ads.google.com<\/a><\/td><td>Google AdWords taraf\u0131ndan, ziyaret\u00e7inin web sitelerindeki \u00e7evrimi\u00e7i davran\u0131\u015f\u0131na dayal\u0131 olarak m\u00fc\u015fteriye d\u00f6n\u00fc\u015fme olas\u0131l\u0131\u011f\u0131 y\u00fcksek olan ziyaret\u00e7ilerle yeniden etkile\u015fim kurmak i\u00e7in kullan\u0131l\u0131r.<\/td><td>Oturum s\u00fcresince<\/td><\/tr><tr><td>_fbp<\/td><td><a href=\"https:\/\/www.facebook.com\/\" target=\"_blank\" rel=\"noreferrer noopener\">https:\/\/www.facebook.com<\/a><\/td><td>Reklamc\u0131l\u0131k ve site analizi hizmetleri sa\u011flamak amac\u0131yla taray\u0131c\u0131lar\u0131 tan\u0131mlar ve 90 g\u00fcnl\u00fck bir \u00f6mre sahiptir. \u00c7erezler, ayn\u0131 ki\u015fi taraf\u0131ndan kullan\u0131lan farkl\u0131 taray\u0131c\u0131lar ve cihazlarda reklam sunmam\u0131za ve \u00f6l\u00e7memize yard\u0131mc\u0131 olur.<\/td><td>&#8220;90 g\u00fcn&#8221;<\/td><\/tr><tr><td>fr<\/td><td><a href=\"https:\/\/www.facebook.com\/\" target=\"_blank\" rel=\"noreferrer noopener\">https:\/\/www.facebook.com<\/a><\/td><td>Reklamlar\u0131n alaka d\u00fczeyini yay\u0131nlamak, \u00f6l\u00e7mek ve iyile\u015ftirmek i\u00e7in kullan\u0131l\u0131r. Meta \u00dcr\u00fcnleri kullanan i\u015fletmeler i\u00e7in reklam kampanyalar\u0131n\u0131n performans\u0131n\u0131 \u00f6l\u00e7meye yard\u0131mc\u0131 olmas\u0131 i\u00e7in Facebook taraf\u0131ndan kullan\u0131lan \u00e7erezdir.<\/td><td>&#8220;3 ay&#8221;<\/td><\/tr><tr><td>tr<\/td><td><a href=\"https:\/\/www.facebook.com\/\" target=\"_blank\" rel=\"noreferrer noopener\">https:\/\/www.facebook.com<\/a><\/td><td>Facebook taraf\u0131ndan, \u00fc\u00e7\u00fcnc\u00fc taraf reklamc\u0131lardan ger\u00e7ek zamanl\u0131 teklif verme gibi bir dizi reklam \u00fcr\u00fcn\u00fc sunmak i\u00e7in kullan\u0131l\u0131r.<\/td><td>&#8220;Oturum s\u00fcresince&#8221;<\/td><\/tr><tr><td>DSID<\/td><td><a href=\"https:\/\/www.doubleclick.net\/\" target=\"_blank\" rel=\"noreferrer noopener\">https:\/\/www.doubleclick.net<\/a><\/td><td>DSID \u00e7erezi, Google d\u0131\u015f\u0131 sitelerde oturum a\u00e7m\u0131\u015f bir kullan\u0131c\u0131y\u0131 tan\u0131mlamak ve kullan\u0131c\u0131n\u0131n reklam ki\u015fiselle\u015ftirmeyi kabul edip etmedi\u011fini hat\u0131rlamak i\u00e7in kullan\u0131l\u0131r.<\/td><td>&#8220;2 hafta&#8221;<\/td><\/tr><tr><td>IDE<\/td><td><a href=\"https:\/\/www.doubleclick.net\/\" target=\"_blank\" rel=\"noreferrer noopener\">https:\/\/www.doubleclick.net<\/a><\/td><td>IDE \u00e7erezi, oturumu kapatm\u0131\u015f kullan\u0131c\u0131lar i\u00e7in Google hizmetlerinde Google reklamlar\u0131n\u0131 g\u00f6stermek i\u00e7in kullan\u0131l\u0131r. Google reklamlar\u0131n\u0131 Google d\u0131\u015f\u0131 sitelerde g\u00f6stermekse bir di\u011fer amac\u0131d\u0131r.<\/td><td>&#8220;2 y\u0131l&#8221;<\/td><\/tr><tr><td>1P_JAR<\/td><td><a href=\"https:\/\/www.doubleclick.net\/\" target=\"_blank\" rel=\"noreferrer noopener\">https:\/\/www.doubleclick.net<\/a><\/td><td>Bu \u00e7erez, DoubleClick taraf\u0131ndan ziyaret\u00e7i kullan\u0131m bilgilerini tutmak ve websitesi reklamlar\u0131n\u0131 \u00f6zelle\u015ftirmek i\u00e7in kullan\u0131l\u0131r.<\/td><td>&#8220;1 ay&#8221;<\/td><\/tr><tr><td>__Secure-3PAPISID<\/td><td><a href=\"https:\/\/google.com\/\" target=\"_blank\" rel=\"noreferrer noopener\">https:\/\/google.com<\/a><\/td><td>Yeniden hedefleme yoluyla alakal\u0131 ve ki\u015fiselle\u015ftirilmi\u015f reklamlar g\u00f6stermek i\u00e7in web sitesi ziyaret\u00e7ilerinin ilgi alanlar\u0131n\u0131 g\u00f6steren bir profil olu\u015fturur.<\/td><td>&#8220;2 y\u0131l&#8221;<\/td><\/tr><tr><td>__Secure-3PSID<\/td><td><a href=\"https:\/\/google.com\/\" target=\"_blank\" rel=\"noreferrer noopener\">https:\/\/google.com<\/a><\/td><td>Yeniden hedefleme yoluyla alakal\u0131 ve ki\u015fiselle\u015ftirilmi\u015f reklamlar g\u00f6stermek i\u00e7in web sitesi ziyaret\u00e7ilerinin ilgi alanlar\u0131n\u0131 g\u00f6steren bir profil olu\u015fturur.<\/td><td>&#8220;2 y\u0131l&#8221;<\/td><\/tr><tr><td>__Secure-3PSIDCC<\/td><td><a href=\"https:\/\/google.com\/\" target=\"_blank\" rel=\"noreferrer noopener\">https:\/\/google.com<\/a><\/td><td>Yeniden hedefleme yoluyla alakal\u0131 ve ki\u015fiselle\u015ftirilmi\u015f reklamlar g\u00f6stermek i\u00e7in web sitesi ziyaret\u00e7ilerinin ilgi alanlar\u0131n\u0131 g\u00f6steren bir profil olu\u015fturur.<\/td><td>&#8220;2 y\u0131l&#8221;<\/td><\/tr><\/tbody><\/table><\/figure>\n<!-- \/wp:table -->\n\n<!-- wp:paragraph -->\n<p><br><br><strong><u>3.Ki\u015fisel Verilerinizin Aktar\u0131ld\u0131\u011f\u0131 Taraflar ve Aktar\u0131m Ama\u00e7lar\u0131<\/u><\/strong><\/p>\n<!-- \/wp:paragraph -->\n\n<!-- wp:paragraph -->\n<p>Ki\u015fisel verilerinizi yukar\u0131da belirtilen ama\u00e7lar\u0131n ger\u00e7ekle\u015ftirilebilmesi ile s\u0131n\u0131rl\u0131 olarak ve mevzuata uygun \u015fekilde tedarik\u00e7ilere, kanunen yetkili kamu kurumlar\u0131na ve \u00f6zel ki\u015filere aktarabiliriz. Platform \u00fczerinde kullan\u0131lan baz\u0131 \u00e7erezler \u015eirket haricindeki \u00fc\u00e7\u00fcnc\u00fc parti servis sa\u011flay\u0131c\u0131lar taraf\u0131ndan sa\u011flanmaktad\u0131r. A\u00e7\u0131k r\u0131zan\u0131z\u0131 vermeniz halinde kimlik ve ileti\u015fim bilgileriniz ile \u00e7erez \u00fczerinden edinilen i\u015flem bilgilerinizi i\u00e7eren ki\u015fisel verileriniz,&nbsp;<strong>2. Madde ba\u015fl\u0131\u011f\u0131 alt\u0131nda g\u00f6sterilen websitesinin \u00e7al\u0131\u015fmas\u0131na ve website ziyaret\u00e7i analizleri do\u011frultusunda ger\u00e7ekle\u015ftirilen pazarlama ve ki\u015fiselle\u015ftirilmi\u015f&nbsp;reklam faaliyetlerini y\u00fcr\u00fctmeye y\u00f6nelik<\/strong>&nbsp;ama\u00e7larla yurt d\u0131\u015f\u0131nda mukim&nbsp;&nbsp;<strong>Google LLC, Youtube, Inc., Doubleclick Inc., Meta Platforms, Inc.,<\/strong>&nbsp;ve&nbsp;<strong>Amazon.com, Inc.<\/strong>&nbsp;ile, a\u00e7\u0131k r\u0131zan\u0131za dayal\u0131 olarak payla\u015f\u0131lmaktad\u0131r.<\/p>\n<!-- \/wp:paragraph -->\n\n<!-- wp:paragraph -->\n<p><strong><u>4. Ki\u015fisel Verilerinizin Toplanma Y\u00f6ntemi ve Hukuki Sebebi<\/u><\/strong><\/p>\n<!-- \/wp:paragraph -->\n\n<!-- wp:paragraph -->\n<p>Ki\u015fisel verileriniz, \u015eirket taraf\u0131ndan yukar\u0131da detayland\u0131r\u0131lan ama\u00e7lar\u0131n ger\u00e7ekle\u015ftirilmesi i\u00e7in elektronik ortamda \u00c7erezler vas\u0131tas\u0131yla toplanmaktad\u0131r. \u00c7erezler vas\u0131tas\u0131yla ki\u015fisel verilerinizi i\u015flerken dayand\u0131\u011f\u0131m\u0131z veri i\u015fleme \u015fartlar\u0131 a\u015fa\u011f\u0131daki gibidir:<\/p>\n<!-- \/wp:paragraph -->\n\n<!-- wp:list -->\n<ul><!-- wp:list-item -->\n<li>Bir s\u00f6zle\u015fmenin kurulmas\u0131 veya ifas\u0131yla do\u011frudan do\u011fruya ilgili olmas\u0131 kayd\u0131yla, s\u00f6zle\u015fmenin taraflar\u0131na ait ki\u015fisel verilerin i\u015flenmesinin gerekli olmas\u0131<\/li>\n<!-- \/wp:list-item -->\n\n<!-- wp:list-item -->\n<li>\u0130lgili ki\u015finin temel hak ve \u00f6zg\u00fcrl\u00fcklerine zarar vermemek kayd\u0131yla, veri sorumlusunun me\u015fru menfaatleri i\u00e7in veri i\u015flenmesinin zorunlu olmas\u0131<\/li>\n<!-- \/wp:list-item -->\n\n<!-- wp:list-item -->\n<li>A\u00e7\u0131k r\u0131zan\u0131z\u0131n bulunmas\u0131<\/li>\n<!-- \/wp:list-item --><\/ul>\n<!-- \/wp:list -->\n\n<!-- wp:paragraph -->\n<p><strong><u>5. Ki\u015fisel Veri Sahibi Olarak Kanun\u2019un 11. Maddesinde Say\u0131lan Haklar\u0131n\u0131z<\/u><\/strong><\/p>\n<!-- \/wp:paragraph -->\n\n<!-- wp:paragraph -->\n<p>Ki\u015fisel veri sahibi olarak Kanun\u2019un 11. maddesi uyar\u0131nca a\u015fa\u011f\u0131daki haklara sahip oldu\u011funuzu bildiririz:<\/p>\n<!-- \/wp:paragraph -->\n\n<!-- wp:list -->\n<ul><!-- wp:list-item -->\n<li>Ki\u015fisel verilerinizin i\u015flenip i\u015flenmedi\u011fini \u00f6\u011frenme,<\/li>\n<!-- \/wp:list-item -->\n\n<!-- wp:list-item -->\n<li>Ki\u015fisel verileriniz i\u015flenmi\u015fse buna ili\u015fkin bilgi talep etme,<\/li>\n<!-- \/wp:list-item -->\n\n<!-- wp:list-item -->\n<li>Ki\u015fisel verilerinizin i\u015flenme amac\u0131n\u0131 ve ki\u015fisel verilerinizin amac\u0131na uygun kullan\u0131l\u0131p kullan\u0131lmad\u0131\u011f\u0131n\u0131 \u00f6\u011frenme,<\/li>\n<!-- \/wp:list-item -->\n\n<!-- wp:list-item -->\n<li>Yurt i\u00e7inde veya yurt d\u0131\u015f\u0131nda ki\u015fisel verilerinizin aktar\u0131ld\u0131\u011f\u0131 \u00fc\u00e7\u00fcnc\u00fc ki\u015fileri bilme, Ki\u015fisel verilerinizin eksik veya yanl\u0131\u015f i\u015flenmi\u015f olmas\u0131 h\u00e2linde bunlar\u0131n d\u00fczeltilmesini isteme ve bu kapsamda yap\u0131lan i\u015flemin ki\u015fisel verilerinizin aktar\u0131ld\u0131\u011f\u0131 \u00fc\u00e7\u00fcnc\u00fc ki\u015filere bildirilmesini isteme,<\/li>\n<!-- \/wp:list-item -->\n\n<!-- wp:list-item -->\n<li>Kanun ve ilgili di\u011fer kanun h\u00fck\u00fcmlerine uygun olarak i\u015flenmi\u015f olmas\u0131na ra\u011fmen, i\u015flenmesini gerektiren sebeplerin ortadan kalkmas\u0131 h\u00e2linde ki\u015fisel verilerin silinmesini veya yok edilmesini isteme ve bu kapsamda yap\u0131lan i\u015flemin ki\u015fisel verilerinizin aktar\u0131ld\u0131\u011f\u0131 \u00fc\u00e7\u00fcnc\u00fc ki\u015filere bildirilmesini isteme,<\/li>\n<!-- \/wp:list-item -->\n\n<!-- wp:list-item -->\n<li>\u0130\u015flenen verilerin m\u00fcnhas\u0131ran otomatik sistemler vas\u0131tas\u0131yla analiz edilmesi suretiyle aleyhinize bir sonucun ortaya \u00e7\u0131kmas\u0131 durumunda buna itiraz etme,<\/li>\n<!-- \/wp:list-item -->\n\n<!-- wp:list-item -->\n<li>Ki\u015fisel verilerinizin kanuna ayk\u0131r\u0131 olarak i\u015flenmesi sebebiyle zarara u\u011framan\u0131z h\u00e2linde zarar\u0131n giderilmesini talep etme.<\/li>\n<!-- \/wp:list-item --><\/ul>\n<!-- \/wp:list -->\n\n<!-- wp:paragraph -->\n<p>Yukar\u0131da s\u0131ralanan haklar\u0131n\u0131za y\u00f6nelik ba\u015fvurular\u0131n\u0131z\u0131, mevzuatta \u00f6ng\u00f6r\u00fclen sair y\u00f6ntemler ile \u015eirketimize iletebilirsiniz. Talebinizin niteli\u011fine g\u00f6re en k\u0131sa s\u00fcrede ve en ge\u00e7 otuz g\u00fcn i\u00e7inde ba\u015fvurular\u0131n\u0131z \u00fccretsiz olarak sonu\u00e7land\u0131r\u0131lacakt\u0131r; ancak i\u015flemin ayr\u0131ca bir maliyet gerektirmesi halinde Ki\u015fisel Verileri Koruma Kurulu taraf\u0131ndan belirlenecek tarifeye g\u00f6re taraf\u0131n\u0131zdan \u00fccret talep edilebilecektir.&nbsp;<br><br>\u0130nternet sitemizde yer alan&nbsp;<strong>\u00c7erez Tercihleri<\/strong>&nbsp;linkine t\u0131klayarak istedi\u011finiz anda \u00e7erezlere ili\u015fkin tercihlerinizi de\u011fi\u015ftirebilirsiniz. \u00c7erez y\u00f6netim panelindeki butonlar\u0131 tercihinize g\u00f6re a\u00e7\u0131k veya kapal\u0131 konuma getirerek&nbsp;<strong>\u201cAyarlar\u0131 Kaydet\u201d<\/strong>&nbsp;butonuna t\u0131klay\u0131n\u0131z. Ayarlar\u0131n\u0131z\u0131 etkin h\u00e2le getirmek i\u00e7in sayfay\u0131 yenileyiniz.&nbsp;<br><br>Bunun yan\u0131 s\u0131ra, taray\u0131c\u0131 ayarlar\u0131 arac\u0131l\u0131\u011f\u0131yla da k\u0131smen kontrol sa\u011flanabilmektedir. S\u0131k kullan\u0131lan taray\u0131c\u0131larda \u00e7erezlerin y\u00f6netimine ili\u015fkin bilgilere a\u015fa\u011f\u0131daki ba\u011flant\u0131lar arac\u0131l\u0131\u011f\u0131yla eri\u015febilirsiniz:&nbsp;<br><br>-Google Chrome&nbsp;<a href=\"https:\/\/support.google.com\/accounts\/answer\/61416?co=GENIE.Platform%3DDesktop&amp;hl=tr\">https:\/\/support.google.com\/accounts\/answer\/61416?co=GENIE.Platform%3DDesktop&amp;hl=tr<\/a>&nbsp;<br><br>-Mozilla Firefox&nbsp;<a href=\"https:\/\/support.mozilla.org\/tr\/kb\/masaustufirefox-surumunde-gelismis-izlenme-koruma\" target=\"_blank\" rel=\"noreferrer noopener\">https:\/\/support.mozilla.org\/tr\/kb\/masaustufirefox-surumunde-gelismis-izlenme-koruma<\/a>&nbsp;<br><br>-Safari<br><a href=\"https:\/\/help.apple.com\/safari\/mac\/9.0\/#\/sfri40732-Opera\" target=\"_blank\" rel=\"noreferrer noopener\">https:\/\/help.apple.com\/safari\/mac\/9.0\/#\/sfri40732-Opera<\/a>&nbsp;<br><a href=\"https:\/\/help.opera.com\/en\/latest\/web-preferences\/\" target=\"_blank\" rel=\"noreferrer noopener\">https:\/\/help.opera.com\/en\/latest\/web-preferences\/<\/a>&nbsp;<br><br>G\u00f6r\u00fc\u015f ve sorular\u0131n\u0131zla ilgili bizimle ileti\u015fime ge\u00e7ebilirsiniz.&nbsp;<\/p>\n<!-- \/wp:paragraph -->\t\t\t\t\t\t<\/div>\n\t\t\t\t<\/div>\n\t\t\t\t\t<\/div>\n\t\t<\/div>\n\t\t\t\t\t<\/div>\n\t\t<\/section>\n\t\t\t\t<\/div>\n\t\t","protected":false},"excerpt":{"rendered":"<p>\u00c7EREZ KULLANIMINA \u0130L\u0130\u015eK\u0130N AYDINLATMA METN\u0130 \u00c7erezler, pikseller, gifler gibi takip teknolojileri (\u201c\u00c7erezler\u201d) web siteleri ya da mobil uygulamalar gibi \u00e7evrimi\u00e7i<\/p>\n","protected":false},"author":1,"featured_media":0,"parent":0,"menu_order":0,"comment_status":"closed","ping_status":"open","template":"","meta":{"_joinchat":[],"footnotes":""},"class_list":["post-3","page","type-page","status-publish","hentry"],"_links":{"self":[{"href":"https:\/\/caffediverso.com\/index.php\/wp-json\/wp\/v2\/pages\/3","targetHints":{"allow":["GET"]}}],"collection":[{"href":"https:\/\/caffediverso.com\/index.php\/wp-json\/wp\/v2\/pages"}],"about":[{"href":"https:\/\/caffediverso.com\/index.php\/wp-json\/wp\/v2\/types\/page"}],"author":[{"embeddable":true,"href":"https:\/\/caffediverso.com\/index.php\/wp-json\/wp\/v2\/users\/1"}],"replies":[{"embeddable":true,"href":"https:\/\/caffediverso.com\/index.php\/wp-json\/wp\/v2\/comments?post=3"}],"version-history":[{"count":4,"href":"https:\/\/caffediverso.com\/index.php\/wp-json\/wp\/v2\/pages\/3\/revisions"}],"predecessor-version":[{"id":9089,"href":"https:\/\/caffediverso.com\/index.php\/wp-json\/wp\/v2\/pages\/3\/revisions\/9089"}],"wp:attachment":[{"href":"https:\/\/caffediverso.com\/index.php\/wp-json\/wp\/v2\/media?parent=3"}],"curies":[{"name":"wp","href":"https:\/\/api.w.org\/{rel}","templated":true}]}}