{"id":9462,"date":"2024-07-08T18:07:08","date_gmt":"2024-07-08T15:07:08","guid":{"rendered":"https:\/\/caffediverso.com\/?page_id=9462"},"modified":"2024-07-08T18:11:31","modified_gmt":"2024-07-08T15:11:31","slug":"kvkk-aydinlatma-metni","status":"publish","type":"page","link":"https:\/\/caffediverso.com\/index.php\/kvkk-aydinlatma-metni\/","title":{"rendered":"KVKK Ayd\u0131nlatma Metni"},"content":{"rendered":"\t\t<div data-elementor-type=\"wp-page\" data-elementor-id=\"9462\" class=\"elementor elementor-9462\">\n\t\t\t\t\t\t<section class=\"wd-negative-gap elementor-section elementor-top-section elementor-element elementor-element-6c0039b elementor-section-boxed elementor-section-height-default elementor-section-height-default\" data-id=\"6c0039b\" data-element_type=\"section\">\n\t\t\t\t\t\t<div class=\"elementor-container elementor-column-gap-default\">\n\t\t\t\t\t<div class=\"elementor-column elementor-col-100 elementor-top-column elementor-element elementor-element-9e701e0\" data-id=\"9e701e0\" data-element_type=\"column\">\n\t\t\t<div class=\"elementor-widget-wrap elementor-element-populated\">\n\t\t\t\t\t\t<div class=\"elementor-element elementor-element-c8b27f5 elementor-widget elementor-widget-wd_text_block\" data-id=\"c8b27f5\" data-element_type=\"widget\" data-widget_type=\"wd_text_block.default\">\n\t\t\t\t<div class=\"elementor-widget-container\">\n\t\t\t\t\t<div class=\"wd-text-block reset-last-child text-left\">\n\t\t\t\n\t\t\t<h4 style=\"font-weight: 400;\"><strong>6698 SAYILI KANUN UYARINCA\u00a0K\u0130\u015e\u0130SEL VER\u0130LER\u0130N\u00a0\u0130\u015eLENMES\u0130 HAKKINDA\u00a0<\/strong><\/h4><h4 style=\"font-weight: 400;\"><strong>AYDINLATMA METN\u0130<\/strong><\/h4><p style=\"font-weight: 400;\">D\u0130VERSO KAHVE GIDA SANAY\u0130 T\u0130CARET L\u0130M\u0130TED \u015e\u0130RKET\u0130 ki\u015fisel verilerinizin hukuka uygun olarak toplanmas\u0131, saklanmas\u0131 ve payla\u015f\u0131lmas\u0131n\u0131 sa\u011flamak ve gizlili\u011finizi korumak amac\u0131yla m\u00fcmk\u00fcn olan en \u00fcst seviyede g\u00fcvenlik tedbirlerini almaktad\u0131r.<\/p><p style=\"font-weight: 400;\">Amac\u0131m\u0131z; 6698 say\u0131l\u0131 Ki\u015fisel Verilerin Korunmas\u0131 Kanununun 10. maddesi gere\u011fince ve sizlerin memnuniyeti do\u011frultusunda, ki\u015fisel verilerinizin al\u0131nma \u015fekilleri, i\u015flenme ama\u00e7lar\u0131, payla\u015f\u0131lan ki\u015filer, hukuki nedenleri ve haklar\u0131n\u0131z konular\u0131nda sizi en \u015feffaf \u015fekilde bilgilendirmektir.<\/p><p>a) Veri Sorumlusu\u00a0<\/p><p style=\"font-weight: 400;\">6698 say\u0131l\u0131 Ki\u015fisel Verilerin Korunmas\u0131 Kanunu (\u201c6698 say\u0131l\u0131 Kanun\u201d) uyar\u0131nca, ki\u015fisel verileriniz; veri sorumlusu olarak D\u0130VERSO KAHVE GIDA SANAY\u0130 T\u0130CARET L\u0130M\u0130TED \u015e\u0130RKET\u0130.\u00a0\u00a0 (\u201c\u015e\u0130RKET\u201d) taraf\u0131ndan a\u015fa\u011f\u0131da a\u00e7\u0131klanan kapsamda toplanmakta ve i\u015flenmektedir.<\/p><p style=\"font-weight: 400;\">\u200b\u200b\u200bb) Ki\u015fisel Veri Kategorileri ve Hangi Ama\u00e7la \u0130\u015flenece\u011fi\u00a0<\/p><table style=\"font-weight: 400;\" width=\"621\"><tbody><tr><td width=\"281\"><p>\u0130\u015fleme Amac\u0131<\/p><\/td><td width=\"340\"><p>Veri Kategorileri<\/p><\/td><\/tr><tr><td width=\"281\"><p>-\u00dcyelik ve \u00e7ekili\u015f s\u00fcre\u00e7lerinin y\u00fcr\u00fct\u00fclmesi<\/p><p>-M\u00fc\u015fteri memnuniyetinin \u00f6l\u00e7\u00fcmlenmesi ve art\u0131r\u0131lmas\u0131 ve \u015fik\u00e2yet y\u00f6netimi s\u00fcre\u00e7lerinin y\u00fcr\u00fct\u00fclmesi<\/p><p>-\u015eirketimize \u0130nternet sitesi\/mobil uygulamalar \u00fczerinden sat\u0131n al\u0131m i\u015flemlerinin ger\u00e7ekle\u015fmesi ve i\u015flem yapan\u0131n kimlik bilgilerinin teyit edilmesi<\/p><p>-Taahh\u00fct etti\u011fimiz \u00fcr\u00fcn ve hizmetler kapsam\u0131nda y\u00fck\u00fcml\u00fcl\u00fcklerimizi yerine getirebilmek<\/p><p>\u0130lginizi \u00e7ekebilecek \u00fcr\u00fcn ve hizmetleri tespit edip bu do\u011frultuda size \u00f6neriler yapmak, promosyon ve hediye g\u00f6nderimi yapmak, \u00e7evrimi\u00e7i davran\u0131\u015flar\u0131n\u0131z\u0131 analiz ederek size \u00f6zel reklamlar g\u00f6stermek<\/p><\/td><td width=\"340\"><p>Kimlik Bilgileri<\/p><\/td><\/tr><tr><td width=\"281\"><p>-B\u00fclten \u00fcyeli\u011fine abone olman\u0131z halinde kampanyalardan ve avantajlardan yararlanman\u0131z\u0131 sa\u011flamak<\/p><p>-\u0130lginizi \u00e7ekebilecek \u00fcr\u00fcn ve hizmetleri tespit edip bu do\u011frultuda size \u00f6neriler yapmak, promosyon ve hediye g\u00f6nderimi yapmak, \u00e7evrimi\u00e7i davran\u0131\u015flar\u0131n\u0131z\u0131 analiz ederek size \u00f6zel reklamlar g\u00f6stermek<\/p><p>-\u015e\u0130RKET \u00fcr\u00fcn ve hizmetlerinin sunulabilmesi, sizlere kar\u015f\u0131 olan y\u00fck\u00fcml\u00fcl\u00fcklerimizin yerine getirilmesi<\/p><p>-Talep ve \u015fikayetlerinizin kar\u015f\u0131lanmas\u0131<\/p><p>-Taahh\u00fct etti\u011fimiz \u00fcr\u00fcn ve hizmetler \u00a0\u00a0kapsam\u0131nda y\u00fck\u00fcml\u00fcl\u00fcklerimizi yerine getirebilmek<\/p><\/td><td width=\"340\"><p>\u0130leti\u015fim Bilgileri<\/p><\/td><\/tr><tr><td width=\"281\"><p>-Reklam, kampanya, avantajlar ve faydalar sunmak<\/p><p>-Kurumsal hediye s\u00fcre\u00e7lerinin y\u00fcr\u00fct\u00fclmesi, sipari\u015flerin haz\u0131rlanmas\u0131, ilgili \u00fcr\u00fcn ve hizmetlere ili\u015fkin talep ve \u015fikayetlerinizin al\u0131nmas\u0131<\/p><p>-M\u00fc\u015fteri memnuniyetinin \u00f6l\u00e7\u00fcmlenmesi ve art\u0131r\u0131lmas\u0131 s\u00fcre\u00e7lerinin y\u00fcr\u00fct\u00fclmesini sa\u011flamak<\/p><p>-\u0130lginizi \u00e7ekebilecek \u00fcr\u00fcn ve hizmetleri tespit edip bu do\u011frultuda size \u00f6neriler yapmak, promosyon ve hediye g\u00f6nderimi yapmak, \u00e7evrimi\u00e7i davran\u0131\u015flar\u0131n\u0131z\u0131 analiz ederek size \u00f6zel reklamlar g\u00f6stermek<\/p><p>-Resm\u00ee kurumlarca \u00f6ng\u00f6r\u00fclen bilgi saklama, raporlama, bilgilendirme ve \u015e\u0130RKET\u2019in tabi oldu\u011fu di\u011fer yasal y\u00fck\u00fcml\u00fcl\u00fckleri ifa etmek<\/p><p>-Hukuki operasyonlar\u0131 y\u00f6netmek\u00a0<\/p><p>-Taahh\u00fct etti\u011fimiz \u00fcr\u00fcn ve hizmetler kapsam\u0131nda y\u00fck\u00fcml\u00fcl\u00fcklerimizi yerine getirebilmek<\/p><\/td><td width=\"340\"><p>M\u00fc\u015fteri Bilgileri<\/p><\/td><\/tr><tr><td width=\"281\"><p>-\u0130\u015fe al\u0131m ve insan kaynaklar\u0131 s\u00fcre\u00e7lerinin y\u00fcr\u00fct\u00fclmesi<\/p><p>-\u0130\u015f\u00e7i-i\u015fveren ili\u015fkisi kapsam\u0131nda s\u00f6zle\u015fmesinin kurulmas\u0131 ve ifa edilmesi<\/p><p>-\u015e\u0130RKET \u00e7al\u0131\u015fanlara kar\u015f\u0131 olan y\u00fck\u00fcml\u00fcl\u00fcklerini yerine getirilmesi, kay\u0131t ve belgelerin d\u00fczenlenebilmesi, yerel ve uluslararas\u0131 yasal mevzuat\u0131n \u00f6ng\u00f6rd\u00fc\u011f\u00fc bilgi saklama, raporlama, bilgilendirme, vergi ve sair y\u00fck\u00fcml\u00fcl\u00fcklere uymak\u00a0<\/p><p>-Resm\u00ee kurumlarca \u00f6ng\u00f6r\u00fclen bilgi saklama, raporlama, bilgilendirme ve \u015e\u0130RKET\u2019in tabi oldu\u011fu di\u011fer yasal y\u00fck\u00fcml\u00fcl\u00fckleri ifa etmek<\/p><p>-Hukuki operasyonlar\u0131 y\u00f6netmek\u00a0<\/p><\/td><td width=\"340\"><p>\u00c7al\u0131\u015fan Bilgileri<\/p><\/td><\/tr><tr><td width=\"281\"><p>-Resm\u00ee kurumlarca \u00f6ng\u00f6r\u00fclen bilgi saklama, raporlama, bilgilendirme y\u00fck\u00fcml\u00fcl\u00fcklerine uymak,<\/p><p>-\u015eirketimizin merkez ofisi, fabrikalar\u0131, depolar\u0131 ve ma\u011fazalar\u0131 i\u00e7erisinde g\u00fcvenlik, i\u015f sa\u011fl\u0131\u011f\u0131 ve \u015eirket g\u00fcvenli\u011fini takip ve tesis etmek, ziyaret\u00e7i takibini sa\u011flamak, ziyaret\u00e7i deneyimini ve hizmet kalitesini artt\u0131rmak,<\/p><p>-Kurum i\u00e7i ve d\u0131\u015f\u0131 tan\u0131t\u0131m, pazarlama ve ileti\u015fim faaliyetleri, \u00dcr\u00fcn veya hizmetlerin tan\u0131t\u0131m\u0131 i\u00e7in bas\u0131l\u0131 veya dijital medya reklamlar\u0131nda kullan\u0131m\u0131, \u0130\u015fyeri i\u00e7i e\u011fitim materyalleri veya sunumlar\u0131n olu\u015fturulmas\u0131 veya ilgili kurumsal etkinliklerin tan\u0131t\u0131m\u0131<\/p><\/td><td width=\"340\"><p>G\u00f6rsel ve \u0130\u015fitsel Veri<\/p><\/td><\/tr><tr><td width=\"281\"><p>-Kurumsal y\u00f6netim ve \u00e7al\u0131\u015fan i\u015f s\u00fcre\u00e7lerinin denetlenmesi<\/p><\/td><td width=\"340\"><p>Lokasyon, konum ve GPS verileri<\/p><\/td><\/tr><\/tbody><\/table><p>c) \u0130\u015flenen Ki\u015fisel Verilerin Kimlere ve Hangi Ama\u00e7la Aktar\u0131labilece\u011fi<\/p><table style=\"font-weight: 400;\" width=\"623\"><tbody><tr><td width=\"152\"><p>AKTARIM YAPILAN K\u0130\u015e\u0130 VE KURUMLAR\u00a0<\/p><\/td><td width=\"171\"><p>TANIMI\u00a0<\/p><\/td><td width=\"300\"><p>VER\u0130 AKTARIM AMACI\u00a0<\/p><\/td><\/tr><tr><td width=\"152\"><p>\u00a0<\/p><p>\u00a0<\/p><p>\u00a0<\/p><p>\u0130\u015f Orta\u011f\u0131\u00a0<\/p><\/td><td width=\"171\"><p>\u015eirketimizin ticari faaliyetlerini y\u00fcr\u00fct\u00fcrken \u015eirketimiz hizmetlerinin sat\u0131\u015f\u0131, tan\u0131t\u0131m\u0131 ve pazarlanmas\u0131, sat\u0131\u015f sonras\u0131 deste\u011fi, gibi ama\u00e7larla i\u015f ortakl\u0131\u011f\u0131 kurdu\u011fu taraflar\u0131 tan\u0131mlamaktad\u0131r.\u00a0\u00a0<\/p><\/td><td width=\"300\"><p>\u00a0<\/p><p>\u00a0<\/p><p>\u0130\u015f ortakl\u0131\u011f\u0131n\u0131n kurulma ama\u00e7lar\u0131n\u0131n yerine getirilmesini temin etme amac\u0131yla s\u0131n\u0131rl\u0131 olarak\u00a0<\/p><\/td><\/tr><tr><td width=\"152\"><p>\u00a0<\/p><p>\u0130\u015ftirakler\u00a0<\/p><\/td><td width=\"171\"><p>\u015eirket\u2019in hissedar\u0131 oldu\u011fu \u015firketler\u00a0\u00a0<\/p><\/td><td width=\"300\"><p>\u015eirket\u2019in i\u015ftiraklerinin de kat\u0131l\u0131m\u0131n\u0131 gerektiren ticari faaliyetlerinin y\u00fcr\u00fct\u00fclmesini temin etmekle s\u0131n\u0131rl\u0131 olarak\u00a0\u00a0\u00a0<\/p><p>\u00a0\u00a0\u00a0\u00a0\u00a0\u00a0\u00a0\u00a0\u00a0\u00a0\u00a0<\/p><\/td><\/tr><tr><td width=\"152\"><p>\u00a0<\/p><p>\u00a0<\/p><p>\u00a0<\/p><p>Tedarik\u00e7i\u00a0<\/p><\/td><td width=\"171\"><p>\u015eirketimizin ticari faaliyetlerini y\u00fcr\u00fct\u00fcrken \u015eirketimizin emir ve talimatlar\u0131na uygun s\u00f6zle\u015fme temelli olarak \u015eirketimize hizmet sunan taraflar\u0131 ya da bu taraflar\u0131n \u00e7al\u0131\u015fanlar\u0131\/yetkilileri\/di\u011fer ilgili ki\u015fileri tan\u0131mlamaktad\u0131r.\u00a0<\/p><\/td><td width=\"300\"><p>\u00a0<\/p><p>\u00a0<\/p><p>\u015eirketimizin tedarik\u00e7iden d\u0131\u015f kaynakl\u0131 olarak temin etti\u011fi ve \u015eirketimizin hizmet sunumunu sa\u011flama amac\u0131yla s\u0131n\u0131rl\u0131 olarak\u00a0\u00a0<\/p><\/td><\/tr><tr><td width=\"152\"><p>\u00a0<\/p><p>Hukuken Yetkili Kamu Kurum ve Kurulu\u015flar\u0131\u00a0<\/p><\/td><td width=\"171\"><p>\u0130lgili mevzuat h\u00fck\u00fcmlerine g\u00f6re \u015eirketimizden bilgi ve belge almaya yetkili kamu kurum ve kurulu\u015flar\u0131\u00a0<\/p><\/td><td width=\"300\"><p>\u00a0<\/p><p>\u0130lgili kamu kurum ve kurulu\u015flar\u0131n\u0131n hukuki yetkisi dahilinde talep etti\u011fi ama\u00e7la s\u0131n\u0131rl\u0131 olarak\u00a0<\/p><\/td><\/tr><tr><td width=\"152\"><p>\u00a0<\/p><p>Hukuken Yetkili \u00d6zel Hukuk Ki\u015fileri\u00a0<\/p><\/td><td width=\"171\"><p>\u0130lgili mevzuat h\u00fck\u00fcmlerine g\u00f6re \u015eirketimizden bilgi ve belge almaya yetkili \u00f6zel hukuk ki\u015fileri\u00a0<\/p><\/td><td width=\"300\"><p>\u00a0<\/p><p>\u0130lgili \u00f6zel hukuk ki\u015filerinin hukuki yetkisi dahilinde talep etti\u011fi ama\u00e7la s\u0131n\u0131rl\u0131 olarak<\/p><\/td><\/tr><\/tbody><\/table><p style=\"font-weight: 400;\">\u00e7) Ki\u015fisel Veri Toplaman\u0131n Y\u00f6ntemi ve Hukuki Sebebi<\/p><p style=\"font-weight: 400;\">Ki\u015fisel Verileriniz, hem tamamen veya k\u0131smen otomatik yollarla hem de veri kay\u0131t sisteminin par\u00e7as\u0131 olan ancak otomatik olmayan y\u00f6ntemlerle;\u00a0<\/p><p style=\"font-weight: 400;\">Do\u011frudan sizin taraf\u0131n\u0131zdan veya sizin ad\u0131n\u0131za hareket etmeye yetkili ki\u015filer taraf\u0131ndan; anla\u015fmal\u0131 internet siteleri \u00fczerinden yap\u0131lm\u0131\u015f olan ba\u015fvurular, ma\u011faza ve \u015e\u0130RKET genel m\u00fcd\u00fcrl\u00fck personeli, destek hizmeti verdi\u011fimiz \/ ald\u0131\u011f\u0131m\u0131z kurumlar ile her t\u00fcrl\u00fc mevzuat veya s\u00f6zle\u015fme dahilinde i\u015flem yap\u0131lan ger\u00e7ek ve \/ veya t\u00fczel ki\u015filer ve do\u011frudan otomatik sistemler (\u0130nternet sitemiz ve mobil uygulamam\u0131z, \u00e7a\u011fr\u0131 merkezlerimiz, sosyal medya hesaplar\u0131m\u0131z) ile s\u00f6zl\u00fc, yaz\u0131l\u0131 veya elektronik ortamlarda;\u00a0<\/p><p style=\"font-weight: 400;\">Kanun\u2019un 5. ve 6. maddesinde belirtilmi\u015f olan;\u00a0<\/p><ul style=\"font-weight: 400;\"><li>Kanunlarda a\u00e7\u0131k\u00e7a \u00f6ng\u00f6r\u00fclm\u00fc\u015f olmas\u0131,\u00a0<\/li><li>\u015eirketimizin hukuki y\u00fck\u00fcml\u00fcl\u00fc\u011f\u00fc yerine getirebilmek i\u00e7in zorunlu olmas\u0131,\u00a0\u00a0<\/li><li>S\u00f6zle\u015fmenin kurulmas\u0131 veya ifas\u0131yla do\u011frudan do\u011fruya ilgili olup i\u015flemenin gerekli olmas\u0131,\u00a0<\/li><li>Temel hak ve \u00f6zg\u00fcrl\u00fcklerinize zarar vermemek kayd\u0131yla, \u015eirketimizin me\u015fru menfaati i\u00e7in i\u015flemenin zorunlu olmas\u0131,\u00a0<\/li><li>Taraf\u0131n\u0131zca alenile\u015ftirilmi\u015f olmas\u0131,\u00a0\u00a0<\/li><li>Bir hakk\u0131n tesisi, kullan\u0131lmas\u0131 veya korunmas\u0131 i\u00e7in i\u015flemenin zorunlu olmas\u0131,\u00a0<\/li><li>A\u00e7\u0131k r\u0131zan\u0131z\u0131n bulunmas\u0131\u00a0<\/li><\/ul><p style=\"font-weight: 400;\">\u015eeklindeki hukuki sebeplere dayanarak toplamaktad\u0131r.\u00a0\u00a0<\/p><p>d) Ki\u015fisel Veri Sahibinin 6698 say\u0131l\u0131 Kanun\u2019un 11. Maddesinde Say\u0131lan Haklar\u0131<\/p><p style=\"font-weight: 400;\">Ki\u015fisel veri sahipleri olarak, haklar\u0131n\u0131za ili\u015fkin taleplerinizi a\u015fa\u011f\u0131da d\u00fczenlenen y\u00f6ntemlerle iletmeniz durumunda \u015e\u0130RKET talebin niteli\u011fine g\u00f6re talebi en k\u0131sa s\u00fcrede ve en ge\u00e7 otuz g\u00fcn i\u00e7inde sonu\u00e7land\u0131racakt\u0131r. Verilecek cevapta on sayfaya kadar \u00fccret al\u0131nmayacakt\u0131r. On sayfan\u0131n \u00fczerindeki her sayfa i\u00e7in 1 T\u00fcrk Liras\u0131 i\u015flem \u00fccreti al\u0131nacakt\u0131r. Ba\u015fvuruya cevab\u0131n CD, flash bellek gibi bir kay\u0131t ortam\u0131nda verilmesi halinde \u015firketimiz taraf\u0131ndan talep edilebilecek \u00fccret, kay\u0131t ortam\u0131n\u0131n maliyetini ge\u00e7meyecektir.<\/p><ul style=\"font-weight: 400;\"><li>Bu kapsamda ki\u015fisel veri sahipleri;<\/li><li>Ki\u015fisel veri i\u015flenip i\u015flenmedi\u011fini \u00f6\u011frenme,<\/li><li>Ki\u015fisel verileri i\u015flenmi\u015fse buna ili\u015fkin bilgi talep etme,<\/li><li>Ki\u015fisel verilerin i\u015flenme amac\u0131n\u0131 ve bunlar\u0131n amac\u0131na uygun kullan\u0131l\u0131p kullan\u0131lmad\u0131\u011f\u0131n\u0131 \u00f6\u011frenme,<\/li><li>Yurt i\u00e7inde veya yurt d\u0131\u015f\u0131nda ki\u015fisel verilerin aktar\u0131ld\u0131\u011f\u0131 \u00fc\u00e7\u00fcnc\u00fc ki\u015fileri bilme,<\/li><li>Ki\u015fisel verilerin eksik veya yanl\u0131\u015f i\u015flenmi\u015f olmas\u0131 h\u00e2linde bunlar\u0131n d\u00fczeltilmesini isteme ve bu kapsamda yap\u0131lan i\u015flemin ki\u015fisel verilerin aktar\u0131ld\u0131\u011f\u0131 \u00fc\u00e7\u00fcnc\u00fc ki\u015filere bildirilmesini isteme,<\/li><li>6698 say\u0131l\u0131 Kanun ve ilgili di\u011fer kanun h\u00fck\u00fcmlerine uygun olarak i\u015flenmi\u015f olmas\u0131na ra\u011fmen, i\u015flenmesini gerektiren sebeplerin ortadan kalkmas\u0131 halinde ki\u015fisel verilerin silinmesini veya yok edilmesini isteme ve bu kapsamda yap\u0131lan i\u015flemin ki\u015fisel verilerin aktar\u0131ld\u0131\u011f\u0131 \u00fc\u00e7\u00fcnc\u00fc ki\u015filere bildirilmesini isteme,<\/li><li>\u0130\u015flenen verilerin m\u00fcnhas\u0131ran otomatik sistemler vas\u0131tas\u0131yla analiz edilmesi suretiyle ki\u015finin kendisi aleyhine bir sonucun ortaya \u00e7\u0131kmas\u0131na itiraz etme,<\/li><li>Ki\u015fisel verilerin kanuna ayk\u0131r\u0131 olarak i\u015flenmesi sebebiyle zarara u\u011framas\u0131 halinde zarar\u0131n giderilmesini talep etme haklar\u0131na sahiptir.<\/li><\/ul><p style=\"font-weight: 400;\">Yukar\u0131da belirtilen haklar\u0131n\u0131z\u0131 kullanma ile ilgili talebinizi, 6698 say\u0131l\u0131 Kanunu\u2019nun 13. maddesinin 1. f\u0131kras\u0131 ve 30356 say\u0131l\u0131 ve 10.03.2018 tarihli Veri Sorumlusuna Ba\u015fvuru Usul ve Esaslar\u0131 Hakk\u0131nda Tebli\u011f gere\u011fince T\u00fcrk\u00e7e ve yaz\u0131l\u0131 olarak veya kay\u0131tl\u0131 elektronik posta (KEP) adresi, g\u00fcvenli elektronik imza, mobil imza ya da \u015e\u0130RKET\u2019e daha \u00f6nce bildirilen ve sistemimizde kay\u0131tl\u0131 bulunan elektronik posta adresini kullanmak suretiyle iletebilirsiniz. Ba\u015fvurularda sadece ba\u015fvuru sahibi ki\u015fi hakk\u0131nda bilgi verilecek olup di\u011fer aile fertleri ve \u00fc\u00e7\u00fcnc\u00fc ki\u015filer hakk\u0131nda bilgi al\u0131nmas\u0131 m\u00fcmk\u00fcn olmayacakt\u0131r. \u015e\u0130RKET\u2019in cevap vermeden \u00f6nce kimli\u011finizi do\u011frulama hakk\u0131 sakl\u0131d\u0131r.<\/p><p style=\"font-weight: 400;\">Ba\u015fvurunuzda;\u00a0<\/p><ol style=\"font-weight: 400;\"><li>Ad\u0131n\u0131z\u0131n,\u202fsoyad\u0131n\u0131z\u0131n\u202fve ba\u015fvuru yaz\u0131l\u0131 ise imzan\u0131z\u0131n,\u00a0<\/li><li>T\u00fcrkiye Cumhuriyeti vatanda\u015flar\u0131 i\u00e7in T.C. kimlik numaran\u0131z\u0131n, yabanc\u0131 iseniz uyru\u011funuzun, pasaport numaran\u0131z\u0131n veya varsa kimlik numaran\u0131z\u0131n,\u00a0<\/li><li>Tebligata esas yerle\u015fim yeri veya i\u015f yeri adresinizin,\u00a0<\/li><li>Varsa bildirime esas elektronik posta adresi, telefon ve faks numaran\u0131z\u0131n,\u00a0<\/li><li>Talep konunuzun,\u00a0<\/li><\/ol><p style=\"font-weight: 400;\">bulunmas\u0131\u202fzorunlu olup varsa konuya ili\u015fkin bilgi ve belgelerin de ba\u015fvuruya eklenmesi gerekmektedir.\u00a0<\/p><p style=\"font-weight: 400;\">Yaz\u0131l\u0131 olarak yapmak istedi\u011finiz ba\u015fvurular\u0131n\u0131z\u0131, gerekli belgeleri ekleyerek veri sorumlusu olarak \u015eirketimizin Mevlana Mahallesi, Sakarya Caddesi, Ku\u015fkonmaz Sokak No:14\/B Ata\u015fehir\/\u0130stanbul adresine verebilirsiniz. Ba\u015fvuru formuna buradan eri\u015febilirsiniz.<\/p><p style=\"font-weight: 400;\">E-posta yoluyla yapmak istedi\u011finiz ba\u015fvurular\u0131n\u0131z\u0131\u00a0info@caffediverso.com\u00a0e-posta adresine yapabilirsiniz.<\/p><p style=\"font-weight: 400;\">\u00a0<\/p><p style=\"font-weight: 400;\">Talebinizin niteli\u011fine g\u00f6re kimlik tespitine olanak sa\u011flayacak bilgi ve belgelerin eksiksiz ve do\u011fru olarak taraf\u0131m\u0131za sa\u011flanmas\u0131 gerekmektedir. \u0130stenilen bilgi ve belgelerin gere\u011fi gibi sa\u011flanmamas\u0131 durumunda, \u015e\u0130RKET taraf\u0131ndan talebinize istinaden yap\u0131lacak ara\u015ft\u0131rmalar\u0131n tam ve nitelikli \u015fekilde y\u00fcr\u00fct\u00fclmesinde aksakl\u0131klar ya\u015fanabilecektir. Bu durumda, \u015e\u0130RKET kanuni haklar\u0131n\u0131 sakl\u0131 tuttu\u011funu beyan eder. Bu nedenle, ba\u015fvurunuzun talebinizin niteli\u011fine g\u00f6re eksiksiz ve istenilen bilgileri ve belgeleri i\u00e7erecek \u015fekilde g\u00f6nderilmesi gerekmektedir.<\/p><p style=\"font-weight: 400;\">\u00a0<\/p>\n\t\t\t\t\t<\/div>\n\t\t\t\t<\/div>\n\t\t\t\t<\/div>\n\t\t\t\t\t<\/div>\n\t\t<\/div>\n\t\t\t\t\t<\/div>\n\t\t<\/section>\n\t\t\t\t<\/div>\n\t\t","protected":false},"excerpt":{"rendered":"<p>6698 SAYILI KANUN UYARINCA\u00a0K\u0130\u015e\u0130SEL VER\u0130LER\u0130N\u00a0\u0130\u015eLENMES\u0130 HAKKINDA\u00a0 AYDINLATMA METN\u0130 D\u0130VERSO KAHVE GIDA SANAY\u0130 T\u0130CARET L\u0130M\u0130TED \u015e\u0130RKET\u0130 ki\u015fisel verilerinizin hukuka uygun olarak<\/p>\n","protected":false},"author":1,"featured_media":0,"parent":0,"menu_order":0,"comment_status":"closed","ping_status":"closed","template":"","meta":{"_joinchat":[],"footnotes":""},"class_list":["post-9462","page","type-page","status-publish","hentry"],"_links":{"self":[{"href":"https:\/\/caffediverso.com\/index.php\/wp-json\/wp\/v2\/pages\/9462","targetHints":{"allow":["GET"]}}],"collection":[{"href":"https:\/\/caffediverso.com\/index.php\/wp-json\/wp\/v2\/pages"}],"about":[{"href":"https:\/\/caffediverso.com\/index.php\/wp-json\/wp\/v2\/types\/page"}],"author":[{"embeddable":true,"href":"https:\/\/caffediverso.com\/index.php\/wp-json\/wp\/v2\/users\/1"}],"replies":[{"embeddable":true,"href":"https:\/\/caffediverso.com\/index.php\/wp-json\/wp\/v2\/comments?post=9462"}],"version-history":[{"count":4,"href":"https:\/\/caffediverso.com\/index.php\/wp-json\/wp\/v2\/pages\/9462\/revisions"}],"predecessor-version":[{"id":9466,"href":"https:\/\/caffediverso.com\/index.php\/wp-json\/wp\/v2\/pages\/9462\/revisions\/9466"}],"wp:attachment":[{"href":"https:\/\/caffediverso.com\/index.php\/wp-json\/wp\/v2\/media?parent=9462"}],"curies":[{"name":"wp","href":"https:\/\/api.w.org\/{rel}","templated":true}]}}