{"id":8716,"date":"2023-05-28T17:07:49","date_gmt":"2023-05-28T14:07:49","guid":{"rendered":"https:\/\/caffediverso.com\/?post_type=product&#038;p=8716"},"modified":"2024-12-28T14:23:09","modified_gmt":"2024-12-28T11:23:09","slug":"endonezya-mandheling","status":"publish","type":"product","link":"https:\/\/caffediverso.com\/index.php\/urun\/endonezya-mandheling\/","title":{"rendered":"Endonezya Mandheling"},"content":{"rendered":"<div class=\"flex-1 overflow-hidden\">\n<div class=\"react-scroll-to-bottom--css-zaqde-79elbk h-full dark:bg-gray-800\">\n<div class=\"react-scroll-to-bottom--css-zaqde-1n7m0yu\">\n<div class=\"flex flex-col text-sm dark:bg-gray-800\">\n<div class=\"group w-full text-gray-800 dark:text-gray-100 border-b border-black\/10 dark:border-gray-900\/50 bg-gray-50 dark:bg-[#444654]\">\n<div class=\"flex p-4 gap-4 text-base md:gap-6 md:max-w-2xl lg:max-w-xl xl:max-w-3xl md:py-6 lg:px-0 m-auto\">\n<div class=\"relative flex w-[calc(100%-50px)] flex-col gap-1 md:gap-3 lg:w-[calc(100%-115px)]\">\n<div class=\"flex flex-grow flex-col gap-3\">\n<div class=\"min-h-[20px] flex flex-col items-start gap-4 whitespace-pre-wrap break-words\">\n<div class=\"markdown prose w-full break-words dark:prose-invert light\">\n<p>Endonezya Mandheling kahvesi, Endonezya&#8217;n\u0131n Sumatra adas\u0131nda yeti\u015fen Arabica kahve \u00e7e\u015fitlerinden biridir. Bu kahve \u00e7e\u015fidi, d\u00fcnya \u00e7ap\u0131nda pop\u00fclerlik kazanan ve \u00f6zel bir tat profiline sahip olan bir markad\u0131r.<\/p>\n<p>Endonezya&#8217;n\u0131n Sumatra adas\u0131n\u0131n Mandheling b\u00f6lgesi, kahve \u00fcretimi i\u00e7in ideal ko\u015fullara sahiptir. Y\u00fcksek rak\u0131mlar, tropikal iklim, volkanik topraklar ve y\u0131l boyunca s\u00fcren nemli hava, Mandheling kahvesinin benzersiz karakterini olu\u015fturan fakt\u00f6rlerdir.<\/p>\n<p>Endonezya Mandheling kahvesi, genellikle tam g\u00f6vdeli, d\u00fc\u015f\u00fck asiditeli ve yo\u011fun bir tada sahiptir. Tat profili, genellikle \u00e7ikolata, baharat, kekik, hafif meyvemsi ve bazen de yemi\u015f notalar\u0131n\u0131 i\u00e7erir. Bu tatlar, Mandheling kahvesini zengin ve kompleks bir lezzete sahip bir se\u00e7enek haline getirir.<\/p>\n<p>Endonezya&#8217;da Mandheling kahvesi genellikle do\u011fal veya yar\u0131 y\u0131kanm\u0131\u015f (semi-washed) y\u00f6ntemlerle i\u015flenir. Do\u011fal i\u015fleme y\u00f6nteminde, kahve kirazlar\u0131 g\u00fcne\u015fte kurutulur ve daha sonra \u00e7ekirdekler \u00e7\u0131kar\u0131l\u0131r. Yar\u0131 y\u0131kanm\u0131\u015f i\u015flemede ise kirazlar\u0131n bir k\u0131sm\u0131 \u00e7\u0131kar\u0131ld\u0131ktan sonra \u00e7ekirdekler y\u0131kan\u0131r ve daha sonra kurutulur. Bu i\u015fleme y\u00f6ntemleri, Mandheling kahvesine karakteristik tat ve aroma \u00f6zelliklerini verir.<\/p>\n<p>Endonezya Mandheling kahvesi, genellikle koyu kavrulmu\u015f olarak tercih edilir. Koyu kavrulma, \u00e7ekirdeklerin koyu renkli ve ya\u011fl\u0131 bir d\u0131\u015f y\u00fczey kazanmas\u0131na neden olur. Bu kavurma seviyesi, kahvenin yo\u011funlu\u011funu ve tatl\u0131l\u0131k ile baharatl\u0131 notalar\u0131n\u0131 daha da vurgular.<\/p>\n<p>Sonu\u00e7 olarak, Endonezya Mandheling kahvesi, Sumatra adas\u0131n\u0131n Mandheling b\u00f6lgesinde yeti\u015fen bir Arabica kahve \u00e7e\u015fididir. Tam g\u00f6vdeli, d\u00fc\u015f\u00fck asiditeli ve yo\u011fun bir tada sahip olan bu kahve, \u00e7ikolata, baharat, kekik ve hafif meyvemsi notalar\u0131yla karakterizedir. Koyu kavrulmu\u015f olarak tercih edilen Endonezya Mandheling kahvesi, kahve severler aras\u0131nda pop\u00fcler bir se\u00e7enektir.<\/p>\n<\/div>\n<\/div>\n<\/div>\n<\/div>\n<\/div>\n<\/div>\n<\/div>\n<\/div>\n<\/div>\n<\/div>\n<p>B\u00fct\u00fcn sipari\u015fleriniz taze kavrulur, \u00f6zenle paketlenir ve size g\u00f6nderilir.<\/p>\n","protected":false},"excerpt":{"rendered":"<p>Tad\u0131m Notalar\u0131: Greyfurt, Portakal, \u00c7ikolata, \u00c7i\u00e7ek<\/p>\n<p>Rak\u0131m: 1900 &#8211; 2100m<\/p>\n<div class=\"flex-1 overflow-hidden\">\n<div class=\"react-scroll-to-bottom--css-zaqde-79elbk h-full dark:bg-gray-800\">\n<div class=\"react-scroll-to-bottom--css-zaqde-1n7m0yu\">\n<div class=\"flex flex-col text-sm dark:bg-gray-800\">\n<div class=\"group w-full text-gray-800 dark:text-gray-100 border-b border-black\/10 dark:border-gray-900\/50 bg-gray-50 dark:bg-[#444654]\">\n<div class=\"flex p-4 gap-4 text-base md:gap-6 md:max-w-2xl lg:max-w-xl xl:max-w-3xl md:py-6 lg:px-0 m-auto\">\n<div class=\"relative flex w-[calc(100%-50px)] flex-col gap-1 md:gap-3 lg:w-[calc(100%-115px)]\">\n<div class=\"flex flex-grow flex-col gap-3\">\n<div class=\"min-h-[20px] flex flex-col items-start gap-4 whitespace-pre-wrap break-words\">\n<div class=\"markdown prose w-full break-words dark:prose-invert light\"><\/div>\n<\/div>\n<\/div>\n<\/div>\n<\/div>\n<\/div>\n<\/div>\n<\/div>\n<\/div>\n<\/div>\n","protected":false},"featured_media":8931,"comment_status":"open","ping_status":"closed","template":"","meta":{"_joinchat":[]},"product_cat":[20],"product_tag":[],"class_list":{"0":"post-8716","1":"product","2":"type-product","3":"status-publish","4":"has-post-thumbnail","6":"product_cat-kahveler","8":"first","9":"instock","10":"taxable","11":"shipping-taxable","12":"purchasable","13":"product-type-variable","14":"has-default-attributes"},"_links":{"self":[{"href":"https:\/\/caffediverso.com\/index.php\/wp-json\/wp\/v2\/product\/8716","targetHints":{"allow":["GET"]}}],"collection":[{"href":"https:\/\/caffediverso.com\/index.php\/wp-json\/wp\/v2\/product"}],"about":[{"href":"https:\/\/caffediverso.com\/index.php\/wp-json\/wp\/v2\/types\/product"}],"replies":[{"embeddable":true,"href":"https:\/\/caffediverso.com\/index.php\/wp-json\/wp\/v2\/comments?post=8716"}],"version-history":[{"count":3,"href":"https:\/\/caffediverso.com\/index.php\/wp-json\/wp\/v2\/product\/8716\/revisions"}],"predecessor-version":[{"id":8957,"href":"https:\/\/caffediverso.com\/index.php\/wp-json\/wp\/v2\/product\/8716\/revisions\/8957"}],"wp:featuredmedia":[{"embeddable":true,"href":"https:\/\/caffediverso.com\/index.php\/wp-json\/wp\/v2\/media\/8931"}],"wp:attachment":[{"href":"https:\/\/caffediverso.com\/index.php\/wp-json\/wp\/v2\/media?parent=8716"}],"wp:term":[{"taxonomy":"product_cat","embeddable":true,"href":"https:\/\/caffediverso.com\/index.php\/wp-json\/wp\/v2\/product_cat?post=8716"},{"taxonomy":"product_tag","embeddable":true,"href":"https:\/\/caffediverso.com\/index.php\/wp-json\/wp\/v2\/product_tag?post=8716"}],"curies":[{"name":"wp","href":"https:\/\/api.w.org\/{rel}","templated":true}]}}