{"id":9014,"date":"2023-05-31T01:46:46","date_gmt":"2023-05-30T22:46:46","guid":{"rendered":"https:\/\/caffediverso.com\/?post_type=product&#038;p=9014"},"modified":"2024-12-17T17:51:52","modified_gmt":"2024-12-17T14:51:52","slug":"chemex-600-ml","status":"publish","type":"product","link":"https:\/\/caffediverso.com\/index.php\/urun\/chemex-600-ml\/","title":{"rendered":"Chemex 600 ML"},"content":{"rendered":"<p>Chemex, kahve demlemek i\u00e7in kullan\u0131lan \u00f6zel bir kahve ekipman\u0131d\u0131r. Alman mucit Dr. Peter Schlumbohm taraf\u0131ndan 1941 y\u0131l\u0131nda tasarlanm\u0131\u015ft\u0131r. Chemex, \u00f6zg\u00fcn ve zarif cam tasar\u0131m\u0131yla tan\u0131n\u0131r ve hem estetik a\u00e7\u0131dan \u00e7ekici hem de pratik bir demleme y\u00f6ntemi sunar.<\/p>\n<p>Chemex&#8217;in ana bile\u015feni camdan yap\u0131lm\u0131\u015f bir s\u00fcrahi veya dekant\u00f6rd\u00fcr. Ayr\u0131ca, \u00f6zel olarak tasarlanm\u0131\u015f bir filtre ka\u011f\u0131d\u0131 kullan\u0131r. Chemex filtresi, daha kal\u0131n ve yo\u011fun bir yap\u0131ya sahip olup, daha fazla ya\u011f\u0131 ve tortuyu filtreleyerek temiz ve berrak bir kahve demlemesine olanak sa\u011flar.<\/p>\n<p>Chemex ile kahve demlemek olduk\u00e7a basittir. \u0130\u015flem ad\u0131mlar\u0131 genellikle \u015fu \u015fekildedir:<\/p>\n<ol>\n<li>Chemex s\u00fcrahisi i\u00e7ine Chemex filtresi yerle\u015ftirilir. Filtre ka\u011f\u0131d\u0131n\u0131n daha kal\u0131n katman\u0131, s\u00fcrahinin yan taraf\u0131na gelecek \u015fekilde yerle\u015ftirilir.<\/li>\n<li>Filtre ka\u011f\u0131d\u0131 \u0131l\u0131k su ile durulan\u0131r. Bu, ka\u011f\u0131d\u0131n kendi kokusunu ve ka\u011f\u0131t tad\u0131n\u0131 atmaya yard\u0131mc\u0131 olur.<\/li>\n<li>\u00d6\u011f\u00fct\u00fclm\u00fc\u015f kahve Chemex filtresinin i\u00e7ine yerle\u015ftirilir. Kahve miktar\u0131 ve \u00f6\u011f\u00fctme seviyesi, ki\u015fisel tercihlere ve demlenmek istenen kahve miktar\u0131na ba\u011fl\u0131 olarak ayarlan\u0131r.<\/li>\n<li>Suyun kaynat\u0131l\u0131p biraz so\u011fumas\u0131 beklenir. Optimal demleme s\u0131cakl\u0131\u011f\u0131 genellikle 90-96\u00b0C aras\u0131ndad\u0131r.<\/li>\n<li>Kahvenin \u00fczerine yava\u015f\u00e7a ve dairesel hareketlerle s\u0131cak su d\u00f6k\u00fcl\u00fcr. Bu, kahvenin e\u015fit \u015fekilde demlenmesini sa\u011flar.<\/li>\n<li>Su d\u00f6kme i\u015flemi tamamland\u0131\u011f\u0131nda, kahvenin s\u00fcz\u00fclmesi beklenir. Chemex filtresi, kahvenin berrak bir \u015fekilde s\u00fcz\u00fclmesini ve \u00e7\u00f6kelti veya tortu olu\u015fumunu minimize eder.<\/li>\n<li>Demlenen kahve Chemex s\u00fcrahisi i\u00e7inde servis edilebilir. Chemex s\u00fcrahisi, estetik tasar\u0131m\u0131 ve p\u00fcr\u00fczs\u00fcz a\u011f\u0131z yap\u0131s\u0131yla kolay bir \u015fekilde kahve d\u00f6kmenizi sa\u011flar.<\/li>\n<\/ol>\n<p>Chemex, \u00f6zellikle temiz ve berrak bir kahve deneyimi sunmas\u0131yla, kahve tutkunlar\u0131 aras\u0131nda pop\u00fclerlik kazanm\u0131\u015ft\u0131r. Estetik g\u00f6r\u00fcn\u00fcm\u00fc, kullan\u0131m kolayl\u0131\u011f\u0131 ve \u00fcst\u00fcn filtreleme \u00f6zelli\u011fi sayesinde bir\u00e7ok ki\u015fi taraf\u0131ndan tercih edilen bir demleme y\u00f6ntemidir.<\/p>\n","protected":false},"excerpt":{"rendered":"<ul>\n<li>\u00d6zel cam\u0131 sayesinde kahveniz aromas\u0131n\u0131 yitirmez.<\/li>\n<li>Cilalanm\u0131\u015f ah\u015fap tutacak ve deri kay\u0131\u015f\u0131 bulunur.<\/li>\n<li>600ml hacme sahip olup yakla\u015f\u0131k alt\u0131 k\u00fc\u00e7\u00fck kupa kapasiteye sahiptir.<\/li>\n<li>\u00d6zel filtresi ile kullan\u0131lmal\u0131d\u0131r.<\/li>\n<li>Elde temizlenmesi \u00f6nerilir.<\/li>\n<li>Chemex ka\u011f\u0131t\u00a0filtreye uygundur.<\/li>\n<\/ul>\n","protected":false},"featured_media":9015,"comment_status":"open","ping_status":"closed","template":"","meta":{"_joinchat":[]},"product_cat":[32],"product_tag":[],"class_list":{"0":"post-9014","1":"product","2":"type-product","3":"status-publish","4":"has-post-thumbnail","6":"product_cat-ekipmanlar","8":"first","9":"instock","10":"taxable","11":"shipping-taxable","12":"purchasable","13":"product-type-simple"},"_links":{"self":[{"href":"https:\/\/caffediverso.com\/index.php\/wp-json\/wp\/v2\/product\/9014","targetHints":{"allow":["GET"]}}],"collection":[{"href":"https:\/\/caffediverso.com\/index.php\/wp-json\/wp\/v2\/product"}],"about":[{"href":"https:\/\/caffediverso.com\/index.php\/wp-json\/wp\/v2\/types\/product"}],"replies":[{"embeddable":true,"href":"https:\/\/caffediverso.com\/index.php\/wp-json\/wp\/v2\/comments?post=9014"}],"version-history":[{"count":1,"href":"https:\/\/caffediverso.com\/index.php\/wp-json\/wp\/v2\/product\/9014\/revisions"}],"predecessor-version":[{"id":9016,"href":"https:\/\/caffediverso.com\/index.php\/wp-json\/wp\/v2\/product\/9014\/revisions\/9016"}],"wp:featuredmedia":[{"embeddable":true,"href":"https:\/\/caffediverso.com\/index.php\/wp-json\/wp\/v2\/media\/9015"}],"wp:attachment":[{"href":"https:\/\/caffediverso.com\/index.php\/wp-json\/wp\/v2\/media?parent=9014"}],"wp:term":[{"taxonomy":"product_cat","embeddable":true,"href":"https:\/\/caffediverso.com\/index.php\/wp-json\/wp\/v2\/product_cat?post=9014"},{"taxonomy":"product_tag","embeddable":true,"href":"https:\/\/caffediverso.com\/index.php\/wp-json\/wp\/v2\/product_tag?post=9014"}],"curies":[{"name":"wp","href":"https:\/\/api.w.org\/{rel}","templated":true}]}}