{"id":9204,"date":"2023-06-04T19:49:54","date_gmt":"2023-06-04T16:49:54","guid":{"rendered":"https:\/\/caffediverso.com\/?post_type=product&#038;p=9204"},"modified":"2024-10-17T17:09:43","modified_gmt":"2024-10-17T14:09:43","slug":"turk-kahvesi","status":"publish","type":"product","link":"https:\/\/caffediverso.com\/index.php\/urun\/turk-kahvesi\/","title":{"rendered":"T\u00fcrk Kahvesi"},"content":{"rendered":"\t\t<div data-elementor-type=\"wp-post\" data-elementor-id=\"9204\" class=\"elementor elementor-9204\">\n\t\t\t\t\t\t<section class=\"wd-negative-gap elementor-section elementor-top-section elementor-element elementor-element-8fd4d00 elementor-section-boxed elementor-section-height-default elementor-section-height-default\" data-id=\"8fd4d00\" data-element_type=\"section\">\n\t\t\t\t\t\t<div class=\"elementor-container elementor-column-gap-default\">\n\t\t\t\t\t<div class=\"elementor-column elementor-col-100 elementor-top-column elementor-element elementor-element-bbd7602\" data-id=\"bbd7602\" data-element_type=\"column\">\n\t\t\t<div class=\"elementor-widget-wrap elementor-element-populated\">\n\t\t\t\t\t\t<div class=\"elementor-element elementor-element-35d7267 elementor-widget elementor-widget-wd_text_block\" data-id=\"35d7267\" data-element_type=\"widget\" data-widget_type=\"wd_text_block.default\">\n\t\t\t\t<div class=\"elementor-widget-container\">\n\t\t\t\t\t<div class=\"wd-text-block reset-last-child text-left\">\n\t\t\t\n\t\t\t<p>Guatemala\u2019n\u0131n orta g\u00fcneyinde bulunan, eski ba\u015fkenti Antigua b\u00f6lgesinde yeti\u015fen tek k\u00f6kenli y\u00fcksek kaliteli kahve \u00e7ekirdeklerinden \u00f6zenle i\u015flenerek sunulmaktad\u0131r. Bu \u00e7ekirdekler, Antigua \u00fc\u00e7 volkanlar (three volcanoes) b\u00f6lgesindeki Santa Rosa vadilerinin zengin volkanik topraklar\u0131nda ve olduk\u00e7a y\u00fcksek rak\u0131mlarda \u00fcretilmektedir.Santa Rosa vadisinde yeti\u015fen bu kahve \u00e7ekirdekleri, iki kalite standard\u0131na sahiptir. Bunlardan ilki, kahvenin \u00e7ekirde\u011finin sertlik ve yo\u011funlu\u011funu garanti eden SHB (Strictly Hard Bean) standard\u0131d\u0131r. Bu standart, kahvenin yeti\u015fti\u011fi yerin deniz seviyesinden y\u00fcksekli\u011fini tan\u0131mlayan SHG (Strictly High Grown\u2013 kahvenin minimum 1350 metre ve \u00fczerindeki \u00e7iftliklerde yeti\u015ftirildi\u011fini garanti eder) standard\u0131 ile e\u015fde\u011ferdir. Y\u00fcksek rak\u0131mda yeti\u015fen kahve daha d\u00fc\u015f\u00fck s\u0131cakl\u0131kta yava\u015f\u00e7a olgunla\u015f\u0131r. Bu \u015fartlarda yeti\u015fen \u00e7ekirdekler tat ve aromas\u0131n\u0131 yo\u011funla\u015ft\u0131r\u0131r. \u0130kincisi, EP (European Preparation) standard\u0131d\u0131r, bu i\u015flenmemi\u015f kahvenin kusurlu ve bozuk olanlar\u0131n\u0131n ve yabanc\u0131 maddelerin i\u015flemeye ba\u015flamadan \u00f6nce tek tek elle ve sab\u0131rla temizlendi\u011fi anlam\u0131na gelir.<\/p>\n\t\t\t\t\t<\/div>\n\t\t\t\t<\/div>\n\t\t\t\t<\/div>\n\t\t\t\t\t<\/div>\n\t\t<\/div>\n\t\t\t\t\t<\/div>\n\t\t<\/section>\n\t\t\t\t<\/div>\n\t\t","protected":false},"excerpt":{"rendered":"<p>Kahve \u00c7ekirde\u011fi: Brezilya Rio Minas<\/p>\n<div class=\"flex-1 overflow-hidden\">\n<div class=\"react-scroll-to-bottom--css-zaqde-79elbk h-full dark:bg-gray-800\">\n<div class=\"react-scroll-to-bottom--css-zaqde-1n7m0yu\">\n<div class=\"flex flex-col text-sm dark:bg-gray-800\">\n<div class=\"group w-full text-gray-800 dark:text-gray-100 border-b border-black\/10 dark:border-gray-900\/50 bg-gray-50 dark:bg-[#444654]\">\n<div class=\"flex p-4 gap-4 text-base md:gap-6 md:max-w-2xl lg:max-w-xl xl:max-w-3xl md:py-6 lg:px-0 m-auto\">\n<div class=\"relative flex w-[calc(100%-50px)] flex-col gap-1 md:gap-3 lg:w-[calc(100%-115px)]\">\n<div class=\"flex flex-grow flex-col gap-3\">\n<div class=\"min-h-[20px] flex flex-col items-start gap-4 whitespace-pre-wrap break-words\">\n<div class=\"markdown prose w-full break-words dark:prose-invert light\"><\/div>\n<\/div>\n<\/div>\n<\/div>\n<\/div>\n<\/div>\n<\/div>\n<\/div>\n<\/div>\n<\/div>\n","protected":false},"featured_media":9254,"comment_status":"closed","ping_status":"closed","template":"","meta":{"_joinchat":[]},"product_cat":[20],"product_tag":[],"class_list":{"0":"post-9204","1":"product","2":"type-product","3":"status-publish","4":"has-post-thumbnail","6":"product_cat-kahveler","8":"first","9":"instock","10":"taxable","11":"shipping-taxable","12":"purchasable","13":"product-type-variable","14":"has-default-attributes"},"_links":{"self":[{"href":"https:\/\/caffediverso.com\/index.php\/wp-json\/wp\/v2\/product\/9204","targetHints":{"allow":["GET"]}}],"collection":[{"href":"https:\/\/caffediverso.com\/index.php\/wp-json\/wp\/v2\/product"}],"about":[{"href":"https:\/\/caffediverso.com\/index.php\/wp-json\/wp\/v2\/types\/product"}],"replies":[{"embeddable":true,"href":"https:\/\/caffediverso.com\/index.php\/wp-json\/wp\/v2\/comments?post=9204"}],"version-history":[{"count":1,"href":"https:\/\/caffediverso.com\/index.php\/wp-json\/wp\/v2\/product\/9204\/revisions"}],"predecessor-version":[{"id":9259,"href":"https:\/\/caffediverso.com\/index.php\/wp-json\/wp\/v2\/product\/9204\/revisions\/9259"}],"wp:featuredmedia":[{"embeddable":true,"href":"https:\/\/caffediverso.com\/index.php\/wp-json\/wp\/v2\/media\/9254"}],"wp:attachment":[{"href":"https:\/\/caffediverso.com\/index.php\/wp-json\/wp\/v2\/media?parent=9204"}],"wp:term":[{"taxonomy":"product_cat","embeddable":true,"href":"https:\/\/caffediverso.com\/index.php\/wp-json\/wp\/v2\/product_cat?post=9204"},{"taxonomy":"product_tag","embeddable":true,"href":"https:\/\/caffediverso.com\/index.php\/wp-json\/wp\/v2\/product_tag?post=9204"}],"curies":[{"name":"wp","href":"https:\/\/api.w.org\/{rel}","templated":true}]}}